{"id":269458,"date":"2025-03-17T01:34:23","date_gmt":"2025-03-17T01:34:23","guid":{"rendered":"http:\/\/lode2025.local\/product\/master-25-aku-veneet\/"},"modified":"2025-05-12T17:28:32","modified_gmt":"2025-05-12T17:28:32","slug":"master-25-aku-veneet","status":"publish","type":"product","link":"https:\/\/lode.lv\/fi\/shop\/lode-rakennuspalikat\/lode-master-fi\/master-25-aku-veneet\/","title":{"rendered":"LODE MASTER 25-AKU"},"content":{"rendered":"<p>LODE Master 25-AKU on erityisesti suunniteltu akustiikkaharkko, joka tarjoaa erinomaisen \u00e4\u00e4nieristyksen ja on tarkoitettu seinien rakentamiseen tiloissa, joissa tarvitaan melunvaimennusta. Sen optimaalinen tiheys ja keraamisen materiaalin ominaisuudet vaimentavat ja est\u00e4v\u00e4t tehokkaasti \u00e4\u00e4nt\u00e4, mik\u00e4 luo hiljaisemman ja miellytt\u00e4v\u00e4mm\u00e4n ymp\u00e4rist\u00f6n. T\u00e4m\u00e4 harkko sopii erinomaisesti asuntojen v\u00e4liseiniin, julkisiin rakennuksiin ja muihin tiloihin, joissa akustinen mukavuus on v\u00e4ltt\u00e4m\u00e4t\u00f6nt\u00e4. Lis\u00e4ksi Master 25-AKU tarjoaa kaikki tavanomaisten LODE Master -harkkojen edut &#8211; hyv\u00e4 mikroilmaston s\u00e4\u00e4tely, kest\u00e4vyys ja luonnonmateriaalien edut.<\/p>\n","protected":false},"excerpt":{"rendered":"<p>Rakennusharkko<\/p>\n","protected":false},"featured_media":273302,"template":"","meta":{"_acf_changed":false},"product_brand":[173],"product_cat":[530,519,529],"product_tag":[],"class_list":{"0":"post-269458","1":"product","2":"type-product","3":"status-publish","4":"has-post-thumbnail","6":"product_brand-lode-master","7":"product_cat-lode-master-fi","8":"product_cat-lode-rakennuspalikat","9":"product_cat-rakentamista-varten","11":"first","12":"instock","13":"product-type-simple"},"acf":[],"_links":{"self":[{"href":"https:\/\/lode.lv\/fi\/wp-json\/wp\/v2\/product\/269458","targetHints":{"allow":["GET"]}}],"collection":[{"href":"https:\/\/lode.lv\/fi\/wp-json\/wp\/v2\/product"}],"about":[{"href":"https:\/\/lode.lv\/fi\/wp-json\/wp\/v2\/types\/product"}],"wp:featuredmedia":[{"embeddable":true,"href":"https:\/\/lode.lv\/fi\/wp-json\/wp\/v2\/media\/273302"}],"wp:attachment":[{"href":"https:\/\/lode.lv\/fi\/wp-json\/wp\/v2\/media?parent=269458"}],"wp:term":[{"taxonomy":"product_brand","embeddable":true,"href":"https:\/\/lode.lv\/fi\/wp-json\/wp\/v2\/product_brand?post=269458"},{"taxonomy":"product_cat","embeddable":true,"href":"https:\/\/lode.lv\/fi\/wp-json\/wp\/v2\/product_cat?post=269458"},{"taxonomy":"product_tag","embeddable":true,"href":"https:\/\/lode.lv\/fi\/wp-json\/wp\/v2\/product_tag?post=269458"}],"curies":[{"name":"wp","href":"https:\/\/api.w.org\/{rel}","templated":true}]}}