{"id":269454,"date":"2025-03-20T12:02:50","date_gmt":"2025-03-20T12:02:50","guid":{"rendered":"http:\/\/lode2025.local\/product\/alt-solaris\/"},"modified":"2025-05-08T22:53:17","modified_gmt":"2025-05-08T22:53:17","slug":"alt-solaris","status":"publish","type":"product","link":"https:\/\/lode.lv\/fi\/shop\/brugesanai-fi\/klinkkeri-paallystys\/alt-solaris\/","title":{"rendered":"ALT SOLARIS"},"content":{"rendered":"<p>Keltaisenruskea, kirjava p\u00e4\u00e4llyste, jonka kapea pitk\u00e4nomainen muoto luo l\u00e4mpim\u00e4n, aurinkoisen ja harmonisen ilmapiirin. Luonnollinen ulkon\u00e4k\u00f6 ja maalaismainen pinta, jossa on pieni\u00e4 ep\u00e4tasaisuuksia ja halkaistuja reunoja, antavat sille ainutlaatuisen luonteen.Korkean kest\u00e4vyytens\u00e4 ansiosta p\u00e4\u00e4llyste soveltuu jalankulkuv\u00e4ylille, parkkipaikoille ja pihatonteille, joilla on kevyt liikenne. <\/p>\n","protected":false},"excerpt":{"rendered":"<p>Klinkkeri p\u00e4\u00e4llystys<\/p>\n","protected":false},"featured_media":273506,"template":"","meta":{"_acf_changed":false},"product_brand":[103],"product_cat":[521],"product_tag":[],"class_list":{"0":"post-269454","1":"product","2":"type-product","3":"status-publish","4":"has-post-thumbnail","6":"product_brand-patoka","7":"product_cat-klinkkeri-paallystys","9":"first","10":"instock","11":"purchasable","12":"product-type-simple"},"acf":[],"_links":{"self":[{"href":"https:\/\/lode.lv\/fi\/wp-json\/wp\/v2\/product\/269454","targetHints":{"allow":["GET"]}}],"collection":[{"href":"https:\/\/lode.lv\/fi\/wp-json\/wp\/v2\/product"}],"about":[{"href":"https:\/\/lode.lv\/fi\/wp-json\/wp\/v2\/types\/product"}],"wp:featuredmedia":[{"embeddable":true,"href":"https:\/\/lode.lv\/fi\/wp-json\/wp\/v2\/media\/273506"}],"wp:attachment":[{"href":"https:\/\/lode.lv\/fi\/wp-json\/wp\/v2\/media?parent=269454"}],"wp:term":[{"taxonomy":"product_brand","embeddable":true,"href":"https:\/\/lode.lv\/fi\/wp-json\/wp\/v2\/product_brand?post=269454"},{"taxonomy":"product_cat","embeddable":true,"href":"https:\/\/lode.lv\/fi\/wp-json\/wp\/v2\/product_cat?post=269454"},{"taxonomy":"product_tag","embeddable":true,"href":"https:\/\/lode.lv\/fi\/wp-json\/wp\/v2\/product_tag?post=269454"}],"curies":[{"name":"wp","href":"https:\/\/api.w.org\/{rel}","templated":true}]}}