{"id":269446,"date":"2025-03-20T12:02:50","date_gmt":"2025-03-20T12:02:50","guid":{"rendered":"http:\/\/lode2025.local\/product\/alt-classic\/"},"modified":"2025-05-08T22:51:33","modified_gmt":"2025-05-08T22:51:33","slug":"alt-classic","status":"publish","type":"product","link":"https:\/\/lode.lv\/fi\/shop\/brugesanai-fi\/klinkkeri-paallystys\/alt-classic\/","title":{"rendered":"ALT CLASSIC"},"content":{"rendered":"<p>Kapeampi punertavan violetti, kirjava mukulakivi, jossa on Patoka-tyylille ominainen viimeistely &#8211; ep\u00e4tasaiset reunat ja vaihteleva rakenne. N\u00e4m\u00e4 ominaisuudet antavat p\u00e4\u00e4llysteelle k\u00e4sintehdyn mestariteoksen tunteen, mik\u00e4 antaa aitouden ja ainutlaatuisuuden. Soveltuu jalankulkuv\u00e4ylille ja takapihojen pys\u00e4k\u00f6intialueille.  <\/p>\n","protected":false},"excerpt":{"rendered":"<p>Klinkkeri p\u00e4\u00e4llystys<\/p>\n","protected":false},"featured_media":273618,"template":"","meta":{"_acf_changed":false},"product_brand":[103],"product_cat":[521],"product_tag":[],"class_list":{"0":"post-269446","1":"product","2":"type-product","3":"status-publish","4":"has-post-thumbnail","6":"product_brand-patoka","7":"product_cat-klinkkeri-paallystys","9":"first","10":"instock","11":"purchasable","12":"product-type-simple"},"acf":[],"_links":{"self":[{"href":"https:\/\/lode.lv\/fi\/wp-json\/wp\/v2\/product\/269446","targetHints":{"allow":["GET"]}}],"collection":[{"href":"https:\/\/lode.lv\/fi\/wp-json\/wp\/v2\/product"}],"about":[{"href":"https:\/\/lode.lv\/fi\/wp-json\/wp\/v2\/types\/product"}],"wp:featuredmedia":[{"embeddable":true,"href":"https:\/\/lode.lv\/fi\/wp-json\/wp\/v2\/media\/273618"}],"wp:attachment":[{"href":"https:\/\/lode.lv\/fi\/wp-json\/wp\/v2\/media?parent=269446"}],"wp:term":[{"taxonomy":"product_brand","embeddable":true,"href":"https:\/\/lode.lv\/fi\/wp-json\/wp\/v2\/product_brand?post=269446"},{"taxonomy":"product_cat","embeddable":true,"href":"https:\/\/lode.lv\/fi\/wp-json\/wp\/v2\/product_cat?post=269446"},{"taxonomy":"product_tag","embeddable":true,"href":"https:\/\/lode.lv\/fi\/wp-json\/wp\/v2\/product_tag?post=269446"}],"curies":[{"name":"wp","href":"https:\/\/api.w.org\/{rel}","templated":true}]}}