{"id":269438,"date":"2025-03-20T12:02:50","date_gmt":"2025-03-20T12:02:50","guid":{"rendered":"http:\/\/lode2025.local\/product\/toba\/"},"modified":"2025-05-08T22:49:33","modified_gmt":"2025-05-08T22:49:33","slug":"toba","status":"publish","type":"product","link":"https:\/\/lode.lv\/fi\/shop\/brugesanai-fi\/klinkkeri-paallystys\/toba\/","title":{"rendered":"TOBA"},"content":{"rendered":"<p>Ruskean v\u00e4riset, hopeanv\u00e4riset lukemat, hienot halkeamat ja luonnollinen karheus antavat niille omaleimaisen luonteen ja teollisen tyylikkyyden. T\u00e4m\u00e4 Patoka-kivip\u00e4\u00e4llyste luo historiallisen tunnelman, joka sopii t\u00e4ydellisesti sek\u00e4 kaupunki- ett\u00e4 maaseutukiinteist\u00f6ihin. Korkea mekaaninen lujuus ja v\u00e4h\u00e4inen veden imeytyminen takaavat pitk\u00e4ik\u00e4isyyden ymp\u00e4rist\u00f6iss\u00e4, jotka on suunniteltu jalankulkuliikenteeseen ja takapihojen pys\u00e4k\u00f6intiin.  <\/p>\n","protected":false},"excerpt":{"rendered":"<p>Klinkkeri p\u00e4\u00e4llystys<\/p>\n","protected":false},"featured_media":273514,"template":"","meta":{"_acf_changed":false},"product_brand":[103],"product_cat":[521],"product_tag":[],"class_list":{"0":"post-269438","1":"product","2":"type-product","3":"status-publish","4":"has-post-thumbnail","6":"product_brand-patoka","7":"product_cat-klinkkeri-paallystys","9":"first","10":"instock","11":"purchasable","12":"product-type-simple"},"acf":[],"_links":{"self":[{"href":"https:\/\/lode.lv\/fi\/wp-json\/wp\/v2\/product\/269438","targetHints":{"allow":["GET"]}}],"collection":[{"href":"https:\/\/lode.lv\/fi\/wp-json\/wp\/v2\/product"}],"about":[{"href":"https:\/\/lode.lv\/fi\/wp-json\/wp\/v2\/types\/product"}],"wp:featuredmedia":[{"embeddable":true,"href":"https:\/\/lode.lv\/fi\/wp-json\/wp\/v2\/media\/273514"}],"wp:attachment":[{"href":"https:\/\/lode.lv\/fi\/wp-json\/wp\/v2\/media?parent=269438"}],"wp:term":[{"taxonomy":"product_brand","embeddable":true,"href":"https:\/\/lode.lv\/fi\/wp-json\/wp\/v2\/product_brand?post=269438"},{"taxonomy":"product_cat","embeddable":true,"href":"https:\/\/lode.lv\/fi\/wp-json\/wp\/v2\/product_cat?post=269438"},{"taxonomy":"product_tag","embeddable":true,"href":"https:\/\/lode.lv\/fi\/wp-json\/wp\/v2\/product_tag?post=269438"}],"curies":[{"name":"wp","href":"https:\/\/api.w.org\/{rel}","templated":true}]}}