{"id":269433,"date":"2025-03-20T12:02:50","date_gmt":"2025-03-20T12:02:50","guid":{"rendered":"http:\/\/lode2025.local\/product\/mozaika\/"},"modified":"2025-05-08T22:43:28","modified_gmt":"2025-05-08T22:43:28","slug":"mozaika","status":"publish","type":"product","link":"https:\/\/lode.lv\/fi\/shop\/brugesanai-fi\/klinkkeri-paallystys\/mozaika\/","title":{"rendered":"MOZAIKA"},"content":{"rendered":"<p>Pieni neli\u00f6nmuotoinen klinkkerikivi, jonka punaruskea kirjava v\u00e4ri mahdollistaa monipuoliset ja dynaamiset kuviot. Sen maalaismainen ulkon\u00e4k\u00f6 karheine reunoineen ja hienoine halkeamineen tekee siit\u00e4 erityisen sopivan historiallisten rakennusten ja koristeellisten polkujen restaurointiin. Suuren kest\u00e4vyytens\u00e4 ansiosta se kest\u00e4\u00e4 sukupolvia eik\u00e4 menet\u00e4 visuaalista vieh\u00e4tyst\u00e4\u00e4n. Soveltuu puutarhapoluille, jalankulkualueille ja yksityisten pihojen parkkipaikoille.   <\/p>\n","protected":false},"excerpt":{"rendered":"<p>Klinkkeri p\u00e4\u00e4llystys<\/p>\n","protected":false},"featured_media":274037,"template":"","meta":{"_acf_changed":false},"product_brand":[103],"product_cat":[521],"product_tag":[],"class_list":{"0":"post-269433","1":"product","2":"type-product","3":"status-publish","4":"has-post-thumbnail","6":"product_brand-patoka","7":"product_cat-klinkkeri-paallystys","9":"first","10":"instock","11":"purchasable","12":"product-type-simple"},"acf":[],"_links":{"self":[{"href":"https:\/\/lode.lv\/fi\/wp-json\/wp\/v2\/product\/269433","targetHints":{"allow":["GET"]}}],"collection":[{"href":"https:\/\/lode.lv\/fi\/wp-json\/wp\/v2\/product"}],"about":[{"href":"https:\/\/lode.lv\/fi\/wp-json\/wp\/v2\/types\/product"}],"wp:featuredmedia":[{"embeddable":true,"href":"https:\/\/lode.lv\/fi\/wp-json\/wp\/v2\/media\/274037"}],"wp:attachment":[{"href":"https:\/\/lode.lv\/fi\/wp-json\/wp\/v2\/media?parent=269433"}],"wp:term":[{"taxonomy":"product_brand","embeddable":true,"href":"https:\/\/lode.lv\/fi\/wp-json\/wp\/v2\/product_brand?post=269433"},{"taxonomy":"product_cat","embeddable":true,"href":"https:\/\/lode.lv\/fi\/wp-json\/wp\/v2\/product_cat?post=269433"},{"taxonomy":"product_tag","embeddable":true,"href":"https:\/\/lode.lv\/fi\/wp-json\/wp\/v2\/product_tag?post=269433"}],"curies":[{"name":"wp","href":"https:\/\/api.w.org\/{rel}","templated":true}]}}