{"id":269432,"date":"2025-03-20T12:02:50","date_gmt":"2025-03-20T12:02:50","guid":{"rendered":"http:\/\/lode2025.local\/product\/tytan\/"},"modified":"2025-05-08T22:44:24","modified_gmt":"2025-05-08T22:44:24","slug":"tytan","status":"publish","type":"product","link":"https:\/\/lode.lv\/fi\/shop\/brugesanai-fi\/klinkkeri-paallystys\/tytan\/","title":{"rendered":"TYTAN"},"content":{"rendered":"<p>Harmaanruskea s\u00e4vy sopii harmonisesti erilaisiin ymp\u00e4rist\u00f6ihin viihtyisist\u00e4 pihoista kaupungin jalkak\u00e4yt\u00e4viin. Kest\u00e4v\u00e4 ja tyylik\u00e4s p\u00e4\u00e4llyste tuo harmonisen visuaalisen korostuksen mihin tahansa maisemaan. <\/p>\n","protected":false},"excerpt":{"rendered":"<p>Klinkkeri p\u00e4\u00e4llystys<\/p>\n","protected":false},"featured_media":273626,"template":"","meta":{"_acf_changed":false},"product_brand":[103],"product_cat":[521],"product_tag":[],"class_list":{"0":"post-269432","1":"product","2":"type-product","3":"status-publish","4":"has-post-thumbnail","6":"product_brand-patoka","7":"product_cat-klinkkeri-paallystys","9":"first","10":"instock","11":"purchasable","12":"product-type-simple"},"acf":[],"_links":{"self":[{"href":"https:\/\/lode.lv\/fi\/wp-json\/wp\/v2\/product\/269432","targetHints":{"allow":["GET"]}}],"collection":[{"href":"https:\/\/lode.lv\/fi\/wp-json\/wp\/v2\/product"}],"about":[{"href":"https:\/\/lode.lv\/fi\/wp-json\/wp\/v2\/types\/product"}],"wp:featuredmedia":[{"embeddable":true,"href":"https:\/\/lode.lv\/fi\/wp-json\/wp\/v2\/media\/273626"}],"wp:attachment":[{"href":"https:\/\/lode.lv\/fi\/wp-json\/wp\/v2\/media?parent=269432"}],"wp:term":[{"taxonomy":"product_brand","embeddable":true,"href":"https:\/\/lode.lv\/fi\/wp-json\/wp\/v2\/product_brand?post=269432"},{"taxonomy":"product_cat","embeddable":true,"href":"https:\/\/lode.lv\/fi\/wp-json\/wp\/v2\/product_cat?post=269432"},{"taxonomy":"product_tag","embeddable":true,"href":"https:\/\/lode.lv\/fi\/wp-json\/wp\/v2\/product_tag?post=269432"}],"curies":[{"name":"wp","href":"https:\/\/api.w.org\/{rel}","templated":true}]}}