{"id":269420,"date":"2025-03-20T12:02:50","date_gmt":"2025-03-20T12:02:50","guid":{"rendered":"http:\/\/lode2025.local\/product\/wega\/"},"modified":"2025-09-11T05:25:32","modified_gmt":"2025-09-11T05:25:32","slug":"wega","status":"publish","type":"product","link":"https:\/\/lode.lv\/fi\/shop\/brugesanai-fi\/klinkkeri-paallystys\/wega\/","title":{"rendered":"WEGA"},"content":{"rendered":"<p>Tummanruskea p\u00e4\u00e4llystekivi, jolla on syv\u00e4 ja rikas maanl\u00e4heinen s\u00e4vy. Tihe\u00e4n rakenteensa ansiosta kivi ei ime kosteutta ja on \u00f6ljyj\u00e4lki\u00e4 hylkiv\u00e4, mik\u00e4 tekee siit\u00e4 k\u00e4yt\u00e4nn\u00f6llisen valinnan paitsi sis\u00e4pihoille, puutarhoille ja terasseille my\u00f6s vilkkaasti liikenn\u00f6idyille teille. Valitse p\u00e4\u00e4llysteen paksuus projektisi mukaan.<\/p>\n","protected":false},"excerpt":{"rendered":"<p>Klinkkerilaatat<\/p>\n","protected":false},"featured_media":273542,"template":"","meta":{"_acf_changed":false},"product_brand":[90],"product_cat":[521,1028,1060],"product_tag":[],"class_list":{"0":"post-269420","1":"product","2":"type-product","3":"status-publish","4":"has-post-thumbnail","6":"product_brand-lode","7":"product_cat-klinkkeri-paallystys","8":"product_cat-brugesanai-fi","9":"product_cat-rudens2025","11":"first","12":"instock","13":"purchasable","14":"product-type-variable"},"acf":[],"_links":{"self":[{"href":"https:\/\/lode.lv\/fi\/wp-json\/wp\/v2\/product\/269420","targetHints":{"allow":["GET"]}}],"collection":[{"href":"https:\/\/lode.lv\/fi\/wp-json\/wp\/v2\/product"}],"about":[{"href":"https:\/\/lode.lv\/fi\/wp-json\/wp\/v2\/types\/product"}],"wp:featuredmedia":[{"embeddable":true,"href":"https:\/\/lode.lv\/fi\/wp-json\/wp\/v2\/media\/273542"}],"wp:attachment":[{"href":"https:\/\/lode.lv\/fi\/wp-json\/wp\/v2\/media?parent=269420"}],"wp:term":[{"taxonomy":"product_brand","embeddable":true,"href":"https:\/\/lode.lv\/fi\/wp-json\/wp\/v2\/product_brand?post=269420"},{"taxonomy":"product_cat","embeddable":true,"href":"https:\/\/lode.lv\/fi\/wp-json\/wp\/v2\/product_cat?post=269420"},{"taxonomy":"product_tag","embeddable":true,"href":"https:\/\/lode.lv\/fi\/wp-json\/wp\/v2\/product_tag?post=269420"}],"curies":[{"name":"wp","href":"https:\/\/api.w.org\/{rel}","templated":true}]}}