{"id":269417,"date":"2025-03-20T12:02:50","date_gmt":"2025-03-20T12:02:50","guid":{"rendered":"http:\/\/lode2025.local\/product\/argon\/"},"modified":"2025-09-11T05:23:38","modified_gmt":"2025-09-11T05:23:38","slug":"argon","status":"publish","type":"product","link":"https:\/\/lode.lv\/fi\/shop\/brugesanai-fi\/klinkkeri-paallystys\/argon\/","title":{"rendered":"ARGON"},"content":{"rendered":"<p>Punakirjava ja dynaaminen p\u00e4\u00e4llyste, joka on erinomainen valinta kaupunki- ja teollisuusalueille. Korkea kulutuksen- ja kemikaalinkest\u00e4vyys tekee siit\u00e4 sopivan pitk\u00e4aikaiseen k\u00e4ytt\u00f6\u00f6n ilman ulkomuodon muutoksia. Suunniteltu jalankulkuv\u00e4ylille, takapihoille, terasseille ja ajoteille, joilla on kevytt\u00e4 ajoneuvoliikennett\u00e4.  <\/p>\n","protected":false},"excerpt":{"rendered":"<p>Klinkkerilaatat<\/p>\n","protected":false},"featured_media":273534,"template":"","meta":{"_acf_changed":false},"product_brand":[90],"product_cat":[521,1028,1060],"product_tag":[],"class_list":{"0":"post-269417","1":"product","2":"type-product","3":"status-publish","4":"has-post-thumbnail","6":"product_brand-lode","7":"product_cat-klinkkeri-paallystys","8":"product_cat-brugesanai-fi","9":"product_cat-rudens2025","11":"first","12":"instock","13":"purchasable","14":"product-type-variable"},"acf":[],"_links":{"self":[{"href":"https:\/\/lode.lv\/fi\/wp-json\/wp\/v2\/product\/269417","targetHints":{"allow":["GET"]}}],"collection":[{"href":"https:\/\/lode.lv\/fi\/wp-json\/wp\/v2\/product"}],"about":[{"href":"https:\/\/lode.lv\/fi\/wp-json\/wp\/v2\/types\/product"}],"wp:featuredmedia":[{"embeddable":true,"href":"https:\/\/lode.lv\/fi\/wp-json\/wp\/v2\/media\/273534"}],"wp:attachment":[{"href":"https:\/\/lode.lv\/fi\/wp-json\/wp\/v2\/media?parent=269417"}],"wp:term":[{"taxonomy":"product_brand","embeddable":true,"href":"https:\/\/lode.lv\/fi\/wp-json\/wp\/v2\/product_brand?post=269417"},{"taxonomy":"product_cat","embeddable":true,"href":"https:\/\/lode.lv\/fi\/wp-json\/wp\/v2\/product_cat?post=269417"},{"taxonomy":"product_tag","embeddable":true,"href":"https:\/\/lode.lv\/fi\/wp-json\/wp\/v2\/product_tag?post=269417"}],"curies":[{"name":"wp","href":"https:\/\/api.w.org\/{rel}","templated":true}]}}