{"id":268951,"date":"2025-03-16T21:56:48","date_gmt":"2025-03-16T21:56:48","guid":{"rendered":"http:\/\/lode2025.local\/product\/aquarius\/"},"modified":"2025-12-05T17:47:13","modified_gmt":"2025-12-05T17:47:13","slug":"aquarius","status":"publish","type":"product","link":"https:\/\/lode.lv\/fi\/shop\/julkisivun-osalta\/taydet-tiilet\/aquarius\/","title":{"rendered":"AQUARIUS"},"content":{"rendered":"<p>AQUARIUS yhdist\u00e4\u00e4 kirjavan punavihre\u00e4n s\u00e4vyn ja sile\u00e4n pinnan luoden elinvoimaisen julkisivun ilmeen. Sen ainutlaatuinen s\u00e4vy antaa rakennukselle esteettisesti n\u00e4ytt\u00e4v\u00e4n visuaalisen luonteen. AQUARIUS-tiili on t\u00e4ydellinen valinta teollisiin ja moderneihin projekteihin niille, jotka haluavat yhdist\u00e4\u00e4 ainutlaatuisen muotoilun kest\u00e4vyyteen. Luonnonsavesta valmistettu koristetiili soveltuu my\u00f6s takkojen ja hormien verhoiluun sek\u00e4 saunoihin ja kattoelementteihin.<\/p>\n","protected":false},"excerpt":{"rendered":"<p>T\u00e4ystiili<\/p>\n","protected":false},"featured_media":272670,"template":"","meta":{"_acf_changed":false},"product_brand":[90],"product_cat":[461,463],"product_tag":[],"class_list":{"0":"post-268951","1":"product","2":"type-product","3":"status-publish","4":"has-post-thumbnail","6":"product_brand-lode","7":"product_cat-savupiippuja-uuneja-varten","8":"product_cat-taydet-tiilet","10":"first","11":"instock","12":"purchasable","13":"product-type-simple"},"acf":[],"_links":{"self":[{"href":"https:\/\/lode.lv\/fi\/wp-json\/wp\/v2\/product\/268951","targetHints":{"allow":["GET"]}}],"collection":[{"href":"https:\/\/lode.lv\/fi\/wp-json\/wp\/v2\/product"}],"about":[{"href":"https:\/\/lode.lv\/fi\/wp-json\/wp\/v2\/types\/product"}],"wp:featuredmedia":[{"embeddable":true,"href":"https:\/\/lode.lv\/fi\/wp-json\/wp\/v2\/media\/272670"}],"wp:attachment":[{"href":"https:\/\/lode.lv\/fi\/wp-json\/wp\/v2\/media?parent=268951"}],"wp:term":[{"taxonomy":"product_brand","embeddable":true,"href":"https:\/\/lode.lv\/fi\/wp-json\/wp\/v2\/product_brand?post=268951"},{"taxonomy":"product_cat","embeddable":true,"href":"https:\/\/lode.lv\/fi\/wp-json\/wp\/v2\/product_cat?post=268951"},{"taxonomy":"product_tag","embeddable":true,"href":"https:\/\/lode.lv\/fi\/wp-json\/wp\/v2\/product_tag?post=268951"}],"curies":[{"name":"wp","href":"https:\/\/api.w.org\/{rel}","templated":true}]}}