{"id":268950,"date":"2025-03-16T21:56:48","date_gmt":"2025-03-16T21:56:48","guid":{"rendered":"http:\/\/lode2025.local\/product\/andromeda\/"},"modified":"2025-12-05T17:46:16","modified_gmt":"2025-12-05T17:46:16","slug":"andromeda","status":"publish","type":"product","link":"https:\/\/lode.lv\/fi\/shop\/julkisivun-osalta\/taydet-tiilet\/andromeda\/","title":{"rendered":"ANDROMEDA"},"content":{"rendered":"<p>ANDROMEDA yhdist\u00e4\u00e4 violetin ja punaisen s\u00e4vyj\u00e4 ja antaa julkisivulle ep\u00e4tavallisen ja hienostuneen ilmeen. Sen sile\u00e4 pinta luo tyylikk\u00e4\u00e4n ja siistin viimeistelyn, joka sopii sek\u00e4 moderniin ett\u00e4 historialliseen arkkitehtuuriin. Rikkaan ja syv\u00e4n v\u00e4rins\u00e4 ansiosta ANDROMEDA-tiili luo j\u00e4m\u00e4k\u00e4n ja visuaalisesti rikkaan julkisivun. Luonnonsavesta valmistettu umpinainen koristetiili soveltuu my\u00f6s takkojen ja hormien verhoiluun sek\u00e4 saunoihin ja kattoelementteihin.<\/p>\n","protected":false},"excerpt":{"rendered":"<p>T\u00e4ystiili<\/p>\n","protected":false},"featured_media":272666,"template":"","meta":{"_acf_changed":false},"product_brand":[90],"product_cat":[461,463],"product_tag":[],"class_list":{"0":"post-268950","1":"product","2":"type-product","3":"status-publish","4":"has-post-thumbnail","6":"product_brand-lode","7":"product_cat-savupiippuja-uuneja-varten","8":"product_cat-taydet-tiilet","10":"first","11":"instock","12":"purchasable","13":"product-type-simple"},"acf":[],"_links":{"self":[{"href":"https:\/\/lode.lv\/fi\/wp-json\/wp\/v2\/product\/268950","targetHints":{"allow":["GET"]}}],"collection":[{"href":"https:\/\/lode.lv\/fi\/wp-json\/wp\/v2\/product"}],"about":[{"href":"https:\/\/lode.lv\/fi\/wp-json\/wp\/v2\/types\/product"}],"wp:featuredmedia":[{"embeddable":true,"href":"https:\/\/lode.lv\/fi\/wp-json\/wp\/v2\/media\/272666"}],"wp:attachment":[{"href":"https:\/\/lode.lv\/fi\/wp-json\/wp\/v2\/media?parent=268950"}],"wp:term":[{"taxonomy":"product_brand","embeddable":true,"href":"https:\/\/lode.lv\/fi\/wp-json\/wp\/v2\/product_brand?post=268950"},{"taxonomy":"product_cat","embeddable":true,"href":"https:\/\/lode.lv\/fi\/wp-json\/wp\/v2\/product_cat?post=268950"},{"taxonomy":"product_tag","embeddable":true,"href":"https:\/\/lode.lv\/fi\/wp-json\/wp\/v2\/product_tag?post=268950"}],"curies":[{"name":"wp","href":"https:\/\/api.w.org\/{rel}","templated":true}]}}