{"id":268946,"date":"2025-03-16T21:56:48","date_gmt":"2025-03-16T21:56:48","guid":{"rendered":"http:\/\/lode2025.local\/product\/asais-janka\/"},"modified":"2025-12-05T17:45:52","modified_gmt":"2025-12-05T17:45:52","slug":"asais-janka","status":"publish","type":"product","link":"https:\/\/lode.lv\/fi\/shop\/julkisivun-osalta\/taydet-tiilet\/asais-janka\/","title":{"rendered":"ASAIS JANKA"},"content":{"rendered":"<p>Savenpunainen koristetiili, jossa on erottuvasti naarmutettu pinta, tuo julkisivulle dynaamista ja ilmeik\u00e4st\u00e4 luonnetta. ASAIS JANKA n\u00e4ytt\u00e4\u00e4 upealta teollisissa ymp\u00e4rist\u00f6iss\u00e4 ja luonnon ymp\u00e4r\u00f6imiss\u00e4 asuinymp\u00e4rist\u00f6iss\u00e4 ja on ihanteellinen historiallisten rakennusten restaurointiin. Luonnonsavesta valmistettu umpinainen koristetiili sopii my\u00f6s takkojen ja hormien verhoiluun sek\u00e4 saunoihin ja kattorakenteisiin.<\/p>\n","protected":false},"excerpt":{"rendered":"<p>T\u00e4ystiili<\/p>\n","protected":false},"featured_media":270730,"template":"","meta":{"_acf_changed":false},"product_brand":[90],"product_cat":[461,463],"product_tag":[],"class_list":{"0":"post-268946","1":"product","2":"type-product","3":"status-publish","4":"has-post-thumbnail","6":"product_brand-lode","7":"product_cat-savupiippuja-uuneja-varten","8":"product_cat-taydet-tiilet","10":"first","11":"instock","12":"purchasable","13":"product-type-simple"},"acf":[],"_links":{"self":[{"href":"https:\/\/lode.lv\/fi\/wp-json\/wp\/v2\/product\/268946","targetHints":{"allow":["GET"]}}],"collection":[{"href":"https:\/\/lode.lv\/fi\/wp-json\/wp\/v2\/product"}],"about":[{"href":"https:\/\/lode.lv\/fi\/wp-json\/wp\/v2\/types\/product"}],"wp:featuredmedia":[{"embeddable":true,"href":"https:\/\/lode.lv\/fi\/wp-json\/wp\/v2\/media\/270730"}],"wp:attachment":[{"href":"https:\/\/lode.lv\/fi\/wp-json\/wp\/v2\/media?parent=268946"}],"wp:term":[{"taxonomy":"product_brand","embeddable":true,"href":"https:\/\/lode.lv\/fi\/wp-json\/wp\/v2\/product_brand?post=268946"},{"taxonomy":"product_cat","embeddable":true,"href":"https:\/\/lode.lv\/fi\/wp-json\/wp\/v2\/product_cat?post=268946"},{"taxonomy":"product_tag","embeddable":true,"href":"https:\/\/lode.lv\/fi\/wp-json\/wp\/v2\/product_tag?post=268946"}],"curies":[{"name":"wp","href":"https:\/\/api.w.org\/{rel}","templated":true}]}}