{"id":268930,"date":"2025-03-16T21:56:48","date_gmt":"2025-03-16T21:56:48","guid":{"rendered":"http:\/\/lode2025.local\/product\/cameleo\/"},"modified":"2025-12-05T17:43:41","modified_gmt":"2025-12-05T17:43:41","slug":"cameleo","status":"publish","type":"product","link":"https:\/\/lode.lv\/fi\/shop\/julkisivun-osalta\/taydet-tiilet\/cameleo\/","title":{"rendered":"CAMELEO"},"content":{"rendered":"<p>Tiilelle on ominaista l\u00e4mpim\u00e4n punaisen ja punaruskean s\u00e4vyn vaihteleva yhdistelm\u00e4, joka antaa julkisivulle eloisan ja luonnollisen luonteen. Tuotteen sile\u00e4 pinta luo tyylikk\u00e4\u00e4n ja j\u00e4rjestelm\u00e4llisen ilmeen, kun taas vivahteikas v\u00e4rimaailma lis\u00e4\u00e4 dynaamisuutta ja tekee sein\u00e4st\u00e4 visuaalisesti houkuttelevamman. CAMELEO-tiili sopii erinomaisesti sek\u00e4 klassisiin ett\u00e4 moderneihin rakennuksiin ja sulautuu harmonisesti ymp\u00e4rist\u00f6\u00f6ns\u00e4 luoden julkisivulle ainutlaatuisen ilmeen. Luonnonsavesta valmistettu umpinainen koristetiili soveltuu my\u00f6s takkojen ja hormien verhoiluun sek\u00e4 saunoihin ja kattoelementteihin.<\/p>\n","protected":false},"excerpt":{"rendered":"<p>T\u00e4ystiili<\/p>\n","protected":false},"featured_media":272774,"template":"","meta":{"_acf_changed":false},"product_brand":[90],"product_cat":[461,463],"product_tag":[],"class_list":{"0":"post-268930","1":"product","2":"type-product","3":"status-publish","4":"has-post-thumbnail","6":"product_brand-lode","7":"product_cat-savupiippuja-uuneja-varten","8":"product_cat-taydet-tiilet","10":"first","11":"instock","12":"purchasable","13":"product-type-simple"},"acf":[],"_links":{"self":[{"href":"https:\/\/lode.lv\/fi\/wp-json\/wp\/v2\/product\/268930","targetHints":{"allow":["GET"]}}],"collection":[{"href":"https:\/\/lode.lv\/fi\/wp-json\/wp\/v2\/product"}],"about":[{"href":"https:\/\/lode.lv\/fi\/wp-json\/wp\/v2\/types\/product"}],"wp:featuredmedia":[{"embeddable":true,"href":"https:\/\/lode.lv\/fi\/wp-json\/wp\/v2\/media\/272774"}],"wp:attachment":[{"href":"https:\/\/lode.lv\/fi\/wp-json\/wp\/v2\/media?parent=268930"}],"wp:term":[{"taxonomy":"product_brand","embeddable":true,"href":"https:\/\/lode.lv\/fi\/wp-json\/wp\/v2\/product_brand?post=268930"},{"taxonomy":"product_cat","embeddable":true,"href":"https:\/\/lode.lv\/fi\/wp-json\/wp\/v2\/product_cat?post=268930"},{"taxonomy":"product_tag","embeddable":true,"href":"https:\/\/lode.lv\/fi\/wp-json\/wp\/v2\/product_tag?post=268930"}],"curies":[{"name":"wp","href":"https:\/\/api.w.org\/{rel}","templated":true}]}}