{"id":268925,"date":"2025-03-16T21:56:48","date_gmt":"2025-03-16T21:56:48","guid":{"rendered":"http:\/\/lode2025.local\/product\/centaur\/"},"modified":"2025-12-05T17:43:30","modified_gmt":"2025-12-05T17:43:30","slug":"centaur","status":"publish","type":"product","link":"https:\/\/lode.lv\/fi\/shop\/julkisivun-osalta\/taydet-tiilet\/centaur\/","title":{"rendered":"CENTAUR"},"content":{"rendered":"<p>CENTAUR antaa rakennukselle modernin ja tyylikk\u00e4\u00e4n ilmeen hopeanharmaan s\u00e4vyns\u00e4 ja sile\u00e4n pintansa ansiosta. Neutraalin mutta ilmeikk\u00e4\u00e4n v\u00e4rins\u00e4 ansiosta tiili voidaan helposti yhdist\u00e4\u00e4 lasi-, metalli- ja puuelementteihin visuaalisesti puhtaan ja hienostuneen arkkitehtonisen ilmeen luomiseksi. Ihanteellinen moderneihin ja teollisiin rakennuksiin, joissa tarvitaan kest\u00e4v\u00e4\u00e4 ja esteettisesti miellytt\u00e4v\u00e4\u00e4 julkisivua. Umpinainen koristetiili sopii my\u00f6s takkojen ja hormien verhoiluun sek\u00e4 saunoihin ja kattoelementteihin.<\/p>\n","protected":false},"excerpt":{"rendered":"<p>T\u00e4ystiili<\/p>\n","protected":false},"featured_media":272674,"template":"","meta":{"_acf_changed":false},"product_brand":[90],"product_cat":[461,463],"product_tag":[],"class_list":{"0":"post-268925","1":"product","2":"type-product","3":"status-publish","4":"has-post-thumbnail","6":"product_brand-lode","7":"product_cat-savupiippuja-uuneja-varten","8":"product_cat-taydet-tiilet","10":"first","11":"instock","12":"purchasable","13":"product-type-simple"},"acf":[],"_links":{"self":[{"href":"https:\/\/lode.lv\/fi\/wp-json\/wp\/v2\/product\/268925","targetHints":{"allow":["GET"]}}],"collection":[{"href":"https:\/\/lode.lv\/fi\/wp-json\/wp\/v2\/product"}],"about":[{"href":"https:\/\/lode.lv\/fi\/wp-json\/wp\/v2\/types\/product"}],"wp:featuredmedia":[{"embeddable":true,"href":"https:\/\/lode.lv\/fi\/wp-json\/wp\/v2\/media\/272674"}],"wp:attachment":[{"href":"https:\/\/lode.lv\/fi\/wp-json\/wp\/v2\/media?parent=268925"}],"wp:term":[{"taxonomy":"product_brand","embeddable":true,"href":"https:\/\/lode.lv\/fi\/wp-json\/wp\/v2\/product_brand?post=268925"},{"taxonomy":"product_cat","embeddable":true,"href":"https:\/\/lode.lv\/fi\/wp-json\/wp\/v2\/product_cat?post=268925"},{"taxonomy":"product_tag","embeddable":true,"href":"https:\/\/lode.lv\/fi\/wp-json\/wp\/v2\/product_tag?post=268925"}],"curies":[{"name":"wp","href":"https:\/\/api.w.org\/{rel}","templated":true}]}}