{"id":268917,"date":"2025-03-16T21:56:48","date_gmt":"2025-03-16T21:56:48","guid":{"rendered":"http:\/\/lode2025.local\/product\/etna\/"},"modified":"2025-12-05T17:49:25","modified_gmt":"2025-12-05T17:49:25","slug":"etna","status":"publish","type":"product","link":"https:\/\/lode.lv\/fi\/shop\/julkisivun-osalta\/taydet-tiilet\/etna\/","title":{"rendered":"ETNA"},"content":{"rendered":"<p>ETNAn v\u00e4ris\u00e4vy on t\u00e4ytel\u00e4inen, tumman punaruskea ja violetti, mik\u00e4 antaa julkisivulle vahvan ja erottuvan visuaalisen ilmeen, jota tiilen sile\u00e4 ja rauhallinen pinta harmonisoi. Sopii niille, jotka haluavat luoda ainutlaatuisen ja kest\u00e4v\u00e4n julkisivun, joka s\u00e4ilytt\u00e4\u00e4 houkuttelevuutensa ja kest\u00e4vyytens\u00e4 ymp\u00e4rist\u00f6n vaikutuksille ajan saatossa. ETNA soveltuu my\u00f6s takkojen ja hormien verhoiluun sek\u00e4 saunoihin ja kattoelementteihin.<\/p>\n","protected":false},"excerpt":{"rendered":"<p>T\u00e4ystiili<\/p>\n","protected":false},"featured_media":272678,"template":"","meta":{"_acf_changed":false},"product_brand":[90],"product_cat":[461,463],"product_tag":[],"class_list":{"0":"post-268917","1":"product","2":"type-product","3":"status-publish","4":"has-post-thumbnail","6":"product_brand-lode","7":"product_cat-savupiippuja-uuneja-varten","8":"product_cat-taydet-tiilet","10":"first","11":"instock","12":"purchasable","13":"product-type-simple"},"acf":[],"_links":{"self":[{"href":"https:\/\/lode.lv\/fi\/wp-json\/wp\/v2\/product\/268917","targetHints":{"allow":["GET"]}}],"collection":[{"href":"https:\/\/lode.lv\/fi\/wp-json\/wp\/v2\/product"}],"about":[{"href":"https:\/\/lode.lv\/fi\/wp-json\/wp\/v2\/types\/product"}],"wp:featuredmedia":[{"embeddable":true,"href":"https:\/\/lode.lv\/fi\/wp-json\/wp\/v2\/media\/272678"}],"wp:attachment":[{"href":"https:\/\/lode.lv\/fi\/wp-json\/wp\/v2\/media?parent=268917"}],"wp:term":[{"taxonomy":"product_brand","embeddable":true,"href":"https:\/\/lode.lv\/fi\/wp-json\/wp\/v2\/product_brand?post=268917"},{"taxonomy":"product_cat","embeddable":true,"href":"https:\/\/lode.lv\/fi\/wp-json\/wp\/v2\/product_cat?post=268917"},{"taxonomy":"product_tag","embeddable":true,"href":"https:\/\/lode.lv\/fi\/wp-json\/wp\/v2\/product_tag?post=268917"}],"curies":[{"name":"wp","href":"https:\/\/api.w.org\/{rel}","templated":true}]}}