{"id":268912,"date":"2025-03-16T21:56:48","date_gmt":"2025-03-16T21:56:48","guid":{"rendered":"http:\/\/lode2025.local\/product\/gemini\/"},"modified":"2025-12-05T17:49:08","modified_gmt":"2025-12-05T17:49:08","slug":"gemini","status":"publish","type":"product","link":"https:\/\/lode.lv\/fi\/shop\/julkisivun-osalta\/taydet-tiilet\/gemini\/","title":{"rendered":"GEMINI"},"content":{"rendered":"<p>Punakirjava tiili, jonka sile\u00e4 pinta lis\u00e4\u00e4 julkisivun tyylikkyytt\u00e4 ja syvyytt\u00e4. Tiilen v\u00e4risiirtym\u00e4t luovat luonnollisen ja harmonisen arkkitehtonisen ratkaisun, joka erottuu hillityn mutta ilmeikk\u00e4\u00e4n luonteensa ansiosta. GEMINI-tiili sopii erinomaisesti sek\u00e4 klassisiin ett\u00e4 nykyaikaisiin julkisivuihin, ja se lis\u00e4\u00e4 rakennuksen lujuutta ja kest\u00e4vyytt\u00e4. Se soveltuu my\u00f6s takkojen ja hormien viimeistelyyn sek\u00e4 saunoihin ja kattoelementteihin.<\/p>\n","protected":false},"excerpt":{"rendered":"<p>T\u00e4ystiili<\/p>\n","protected":false},"featured_media":272810,"template":"","meta":{"_acf_changed":false},"product_brand":[90],"product_cat":[461,463],"product_tag":[],"class_list":{"0":"post-268912","1":"product","2":"type-product","3":"status-publish","4":"has-post-thumbnail","6":"product_brand-lode","7":"product_cat-savupiippuja-uuneja-varten","8":"product_cat-taydet-tiilet","10":"first","11":"instock","12":"purchasable","13":"product-type-simple"},"acf":[],"_links":{"self":[{"href":"https:\/\/lode.lv\/fi\/wp-json\/wp\/v2\/product\/268912","targetHints":{"allow":["GET"]}}],"collection":[{"href":"https:\/\/lode.lv\/fi\/wp-json\/wp\/v2\/product"}],"about":[{"href":"https:\/\/lode.lv\/fi\/wp-json\/wp\/v2\/types\/product"}],"wp:featuredmedia":[{"embeddable":true,"href":"https:\/\/lode.lv\/fi\/wp-json\/wp\/v2\/media\/272810"}],"wp:attachment":[{"href":"https:\/\/lode.lv\/fi\/wp-json\/wp\/v2\/media?parent=268912"}],"wp:term":[{"taxonomy":"product_brand","embeddable":true,"href":"https:\/\/lode.lv\/fi\/wp-json\/wp\/v2\/product_brand?post=268912"},{"taxonomy":"product_cat","embeddable":true,"href":"https:\/\/lode.lv\/fi\/wp-json\/wp\/v2\/product_cat?post=268912"},{"taxonomy":"product_tag","embeddable":true,"href":"https:\/\/lode.lv\/fi\/wp-json\/wp\/v2\/product_tag?post=268912"}],"curies":[{"name":"wp","href":"https:\/\/api.w.org\/{rel}","templated":true}]}}