{"id":269393,"date":"2025-03-09T12:24:51","date_gmt":"2025-03-09T12:24:51","guid":{"rendered":"http:\/\/lode2025.local\/tietosuojakaytanto\/"},"modified":"2025-05-12T17:17:27","modified_gmt":"2025-05-12T17:17:27","slug":"tietosuojakaytanto","status":"publish","type":"page","link":"https:\/\/lode.lv\/fi\/tietosuojakaytanto\/","title":{"rendered":"Tietosuojak\u00e4yt\u00e4nt\u00f6"},"content":{"rendered":"\n<div class=\"wp-block-group has-global-padding is-layout-constrained wp-container-core-group-is-layout-5a30f31b wp-block-group-is-layout-constrained\">\n<p>LODE SIA on sitoutunut suojelemaan rekister\u00f6ityjen yksityisyytt\u00e4 Euroopan parlamentin ja neuvoston luonnollisten henkil\u00f6iden suojelusta henkil\u00f6tietojen k\u00e4sittelyss\u00e4 sek\u00e4 n\u00e4iden tietojen vapaasta liikkuvuudesta ja direktiivin 95\/46\/EY kumoamisesta 27. huhtikuuta 2016 antaman asetuksen (EU) 2016\/679 (yleinen tietosuoja-asetus) sek\u00e4 muiden yksityisyytt\u00e4 ja henkil\u00f6tietojen k\u00e4sittely\u00e4 koskevien lakien ja m\u00e4\u00e4r\u00e4ysten mukaisesti.<br\/> LODE SIA:n tietosuojak\u00e4yt\u00e4nt\u00f6 koskee tietojenk\u00e4sittely\u00e4 riippumatta siit\u00e4, miss\u00e4 muodossa ja\/tai ymp\u00e4rist\u00f6ss\u00e4 rekister\u00f6ity antaa henkil\u00f6tietoja (LODE SIA:n yll\u00e4pit\u00e4mill\u00e4 verkkosivustoilla, paperimuodossa tai s\u00e4hk\u00f6isesti) ja mill\u00e4 j\u00e4rjestelmill\u00e4 tai miss\u00e4 muodossa LODE SIA niit\u00e4 k\u00e4sittelee.<\/p>\n\n\n\n<h2 class=\"wp-block-heading\">Rekisterinpit\u00e4j\u00e4<\/h2>\n\n\n\n<p>LODE SIA, rekister\u00f6intinumero 50003032071, virallinen osoite: &#8221;Lode&#8221;, Liepas pagasts, C\u0113su novads, LV-4128. L\u00e4het\u00e4 tietojen k\u00e4sittely\u00e4 koskevat tiedustelut s\u00e4hk\u00f6postilla osoitteeseen info@lode.lv<\/p>\n\n\n\n<h2 class=\"wp-block-heading\">Asiakkaiden henkil\u00f6tietojen k\u00e4sittelyn oikeusperusta<\/h2>\n\n\n\n<p>LODE SIA k\u00e4sittelee rekister\u00f6idyn henkil\u00f6tietoja seuraaviin tarkoituksiin:<\/p>\n\n\n\n<ul class=\"wp-block-list\">\n<li>kaupalliseen toiminnan harjoittamiseksi;<\/li>\n\n\n\n<li>tuotteiden myynti\u00e4 varten;<\/li>\n\n\n\n<li>rekister\u00f6idyn kanssa tehdyn sopimuksen t\u00e4ytt\u00e4miseksi;<\/li>\n\n\n\n<li>tarjotakseen palvelua rekister\u00f6idylle;<\/li>\n\n\n\n<li>rekister\u00f6idyn suostumuksen perusteella;<\/li>\n\n\n\n<li>muiden laillisten (oikeutettujen) tarkoitusten\/etujen vuoksi;<\/li>\n\n\n\n<li>LODE SIA:n omaisuuden suojelemiseksi \u2013 videovalvontaa suoritetaan LODE SIA:n omaisuuden suojelemiseksi, alueelle saapuvien henkil\u00f6iden turvallisuuden varmistamiseksi, potentiaalisten lakirikkomusten est\u00e4miseksi ja mahdollisten rikosten dokumentoimiseksi. Videovalvonta on k\u00e4yt\u00f6ss\u00e4 sek\u00e4 LODE SIA:n tuotantolaitoksissa ett\u00e4 niiden ymp\u00e4rist\u00f6ss\u00e4. Videovalvontatietoja s\u00e4ilytet\u00e4\u00e4n enint\u00e4\u00e4n 30 p\u00e4iv\u00e4\u00e4. T\u00e4m\u00e4n ajanjakson j\u00e4lkeen LODE SIA takaa tietojen t\u00e4ydellisen poistamisen, mik\u00e4li tietoja ei ole pyydetty aiemmin tai mik\u00e4li ei ole havaittu rikollista toimintaa tai muita turvallisuusrikkomuksia. Mik\u00e4li tietoja on aikaisemmin pyydetty toimivaltaisten valtion viranomaisten taholta tai turvallisuusrikkomuksia on havaittu, tietoja s\u00e4ilytet\u00e4\u00e4n niin kauan kuin tarpeellista.<\/li>\n<\/ul>\n\n\n\n<p>LODE SIA voi oikeutettujen etujensa turvin:<\/p>\n\n\n\n<ul class=\"wp-block-list\">\n<li>tarkistaa rekister\u00f6idyn henkil\u00f6llisyys ennen sopimuksen tekemist\u00e4;<\/li>\n\n\n\n<li>varmistaa sopimusvelvoitteiden t\u00e4yttymisen;<\/li>\n\n\n\n<li>hallinnoida rekister\u00f6idyn tekemi\u00e4 ostoksia, maksuja ja tilauksia;<\/li>\n\n\n\n<li>varmistaa pakollisten oikeudellisten vaatimusten noudattamisen.<\/li>\n<\/ul>\n\n\n\n<h2 class=\"wp-block-heading\">Mit\u00e4 rekister\u00f6idyn tietoja LODE SIA k\u00e4sittelee ja miten?<\/h2>\n\n\n\n<ul class=\"wp-block-list\">\n<li>Tunnistetiedot \u2013 etunimi, sukunimi, henkil\u00f6tunnus, syntym\u00e4aika<\/li>\n\n\n\n<li>Yhteystiedot \u2013 kotiosoite, postiosoite, puhelinnumero, s\u00e4hk\u00f6postiosoite<\/li>\n\n\n\n<li>Taloudelliset tiedot \u2013 pankkitilin tiedot<\/li>\n\n\n\n<li>tiedot, jotka rekister\u00f6ity ilmoittaa tai siirt\u00e4\u00e4 LODE SIA:lle (esim. s\u00e4hk\u00f6postiosoite verkkosivustolla vastausta varten; videokuva rekister\u00f6idyst\u00e4 videovalvonta-alueella LODE SIA:n tuotantolaitoksella).<\/li>\n<\/ul>\n\n\n\n<p>N\u00e4m\u00e4 tiedot ovat t\u00e4rkeit\u00e4 palvelun laadun ja laillisten (oikeutettujen) tarkoitusten\/etujen varmistamiseksi. Henkil\u00f6tietoja ei ker\u00e4t\u00e4 ilman rekister\u00f6idyn suostumusta lukuun ottamatta tapauksia, joissa laki tai asetus ei edellyt\u00e4 rekister\u00f6idyn suostumusta. Rekister\u00f6ityjen tietoja ei siirret\u00e4 Euroopan unionin tai Euroopan talousalueen ulkopuolelle.<\/p>\n\n\n\n<p>LODE SIA ei luovuta rekister\u00f6idyn henkil\u00f6tietoja kolmansille osapuolille, paitsi:<\/p>\n\n\n\n<ul class=\"wp-block-list\">\n<li>jos tiedot on tarkoitus siirt\u00e4\u00e4 kolmannelle osapuolelle sopimuksen ehtojen mukaisesti (esim. tavaroiden toimituksen yhteydess\u00e4);<\/li>\n\n\n\n<li>jos rekister\u00f6ity on antanut selke\u00e4n ja yksiselitteisen suostumuksensa;<\/li>\n\n\n\n<li>viranomaisille perustellun pyynn\u00f6n perusteella s\u00e4\u00e4nn\u00f6ksiss\u00e4 m\u00e4\u00e4ritetyll\u00e4 tavalla ja m\u00e4\u00e4ritetyss\u00e4 laajuudessa (esim. videovalvontatiedot poliisille);<\/li>\n\n\n\n<li>s\u00e4\u00e4nn\u00f6ksiss\u00e4 m\u00e4\u00e4ritellyiss\u00e4 tapauksissa LODE SIA:n laillisten (oikeutettujen) tarkoitusten\/etujen suojelemiseksi.<\/li>\n<\/ul>\n\n\n\n<p>Tietoja rekister\u00f6ityjen henkil\u00f6tiedoista s\u00e4ilytet\u00e4\u00e4n LODE SIA:n tietokannoissa ja palvelimilla, jotka sijaitsevat suojatussa infrastruktuurissa ja sis\u00e4lt\u00e4v\u00e4t tiettyj\u00e4 rekister\u00f6ity\u00e4 koskevia hallinollisia ja tietovirtoihin liittyvi\u00e4 tietoja.<\/p>\n\n\n\n<h2 class=\"wp-block-heading\">Mit\u00e4 menetelmi\u00e4 LODE SIA k\u00e4ytt\u00e4\u00e4 rekister\u00f6ityjen henkil\u00f6tietojen ker\u00e4\u00e4miseen ja k\u00e4sittelyyn?<\/h2>\n\n\n\n<p>LODE SIA voi vastaanottaa henkil\u00f6tietoja, jotka rekister\u00f6ity m\u00e4\u00e4ritt\u00e4\u00e4 tai toimittaa k\u00e4ytt\u00e4m\u00e4ll\u00e4 LODE SIA:n palveluja, mukaan lukien LODE SIA:n verkkosivuston kautta.<\/p>\n\n\n\n<p>LODE SIA voi k\u00e4ytt\u00e4\u00e4 palveluntarjoajia saadakseen organisatorista ja teknist\u00e4 tukea rekister\u00f6idyn tietojen k\u00e4sittelyss\u00e4.<\/p>\n\n\n\n<p>LODE SIA k\u00e4ytt\u00e4\u00e4 verkkosivuillaan ev\u00e4steit\u00e4. Ev\u00e4steet ovat pieni\u00e4 tekstitiedostoja, jotka selaimesi (esim. Google Chrome, Microsoft Edge ja muut) tallentaa laitteeseesi (esim. tietokone, matkapuhelin, tabletti) selatessasi. Niit\u00e4 k\u00e4ytet\u00e4\u00e4n laajasti verkkosivustojen toiminnan mahdollistamiseksi tai tehostamiseksi ja joskus my\u00f6s tilastotietojen saamiseksi rekister\u00f6idyst\u00e4 ja heid\u00e4n toiminnastaan sivustolla.<\/p>\n\n\n\n<p>Ev\u00e4steet ovat k\u00e4yt\u00e4nn\u00f6ss\u00e4 internetin k\u00e4ytt\u00e4j\u00e4n tunnistekortti, joka toimittaa verkkosivustolle tietoa jokaisella seuraavalla vierailulla. Ev\u00e4steet suorittavat joukon toimintoja, kuten tallentavat aiemmat haut, kielet ja fonttikoon asetukset, sek\u00e4 mahdollistavat helpon navigoinnin sivustolla muistamalla k\u00e4ytt\u00e4j\u00e4n tavat ja mieltymykset ja parantaen n\u00e4in kokonaisvaltaista verkkosivustokokemusta.<\/p>\n\n\n\n<p>LODE SIA:n yll\u00e4pit\u00e4m\u00e4ll\u00e4 verkkosivustolla k\u00e4ytet\u00e4\u00e4n ev\u00e4steit\u00e4 k\u00e4ytt\u00e4j\u00e4n mukavuuden ja t\u00e4yden toiminnallisuuden varmistamiseksi sek\u00e4 tilastollisissa tarkoituksissa. Ev\u00e4steiden tallennus k\u00e4ytt\u00e4j\u00e4n tietokoneelle voidaan aina est\u00e4\u00e4 muuttamalla asiaankuuluvia asetuksia Internet-selaimessa. T\u00e4ss\u00e4 tapauksessa k\u00e4ytt\u00e4j\u00e4 ei kuitenkaan pysty hy\u00f6dynt\u00e4m\u00e4\u00e4n verkkosivuston kaikkia ominaisuuksia t\u00e4ysim\u00e4\u00e4r\u00e4isesti. Mik\u00e4li k\u00e4ytt\u00e4j\u00e4 vierailee LODE SIA:n verkkosivustolla ilman rajoituksia ev\u00e4steiden tallennukselle tai tallentamatta poistettuja ev\u00e4steit\u00e4, k\u00e4ytt\u00e4j\u00e4n katsotaan hyv\u00e4ksyv\u00e4n ev\u00e4steiden k\u00e4yt\u00f6n.<\/p>\n\n\n\n<p>Lis\u00e4tietoja LODE SIA:n k\u00e4ytt\u00e4mist\u00e4 ev\u00e4steist\u00e4 on LODE SIA:n ev\u00e4stek\u00e4yt\u00e4nn\u00f6ss\u00e4 osoitteessa www.lode.lv\/sikdatnu-politika\/.<\/p>\n\n\n\n<h2 class=\"wp-block-heading\">Rekister\u00f6ityjen henkil\u00f6tietojen s\u00e4ilytysaika<\/h2>\n\n\n\n<p>LODE SIA k\u00e4sittelee rekister\u00f6idyn henkil\u00f6tietoja niin kauan kuin v\u00e4hint\u00e4\u00e4n yksi seuraavista kriteereist\u00e4 t\u00e4yttyy:<\/p>\n\n\n\n<ul class=\"wp-block-list\">\n<li>rekister\u00f6ity k\u00e4ytt\u00e4\u00e4 palvelua\/ostaa tuotteen;<\/li>\n\n\n\n<li>LODE SIA:n laillisten (oikeutettujen) tarkoitusten\/etujen toteuttaminen ja suojeleminen edellytt\u00e4\u00e4 tietojen s\u00e4ilytyst\u00e4;<\/li>\n\n\n\n<li>rekister\u00f6idyn suostumusta henkil\u00f6tietojen k\u00e4sittelyyn ei ole peruutettu;<\/li>\n\n\n\n<li>henkil\u00f6tietojen s\u00e4ilytysaika on m\u00e4\u00e4ritelty LODE SIA:n s\u00e4\u00e4nn\u00f6iss\u00e4 tai Latvian tasavallan tai Euroopan unionin s\u00e4\u00e4nn\u00f6ksiss\u00e4.<\/li>\n<\/ul>\n\n\n\n<h2 class=\"wp-block-heading\">Mitk\u00e4 ovat turvallisuusolosuhteet?<\/h2>\n\n\n\n<p>LODE SIA pyrkii mahdollisuuksien mukaan yll\u00e4pit\u00e4m\u00e4\u00e4n, jatkuvasti tarkistamaan ja parantamaan turvatoimenpiteit\u00e4 suojatakseen rekister\u00f6ityjen henkil\u00f6tiedot luvattomalta k\u00e4yt\u00f6lt\u00e4, vahingossa tapahtuvalta katoamiselta, paljastumiselta tai tuhoutumiselta. LODE SIA k\u00e4ytt\u00e4\u00e4 nykyaikaisia \u200b\u200bteknologioita, teknisi\u00e4 ja organisatorisia vaatimuksia, kuten palomuureja, tunkeutumisen havaitsemisj\u00e4rjestelmi\u00e4, analyysiohjelmistoja ja tietojen salausta.<br\/>LODE SIA tarkastaa perusteellisesti kaikki palveluntarjoajat, jotka k\u00e4sittelev\u00e4t rekister\u00f6ityjen henkil\u00f6tietoja LODE SIA:n puolesta, ja arvioi, toteuttavatko kumppanit (henkil\u00f6tietojen k\u00e4sittelij\u00e4t) asiaankuuluvia turvatoimenpiteit\u00e4 varmistaakseen, ett\u00e4 tietojenk\u00e4sittely suoritetaan LODE SIA:n ohjeiden ja s\u00e4\u00e4ntelyvaatimusten mukaisesti.<br\/>LODE SIA ei ota vastuuta luvattomasta henkil\u00f6tietojen k\u00e4yt\u00f6st\u00e4 tai katoamisesta, kun se on LODE SIA:n hallinnan ulkopuolella, kuten silloin, kun rekister\u00f6ity on luovuttanut henkil\u00f6tietojaan kolmansille osapuolille.<br\/>LODE SIA ilmoittaa tietoturvaloukkauksista\/tietojenk\u00e4sittelyyn liittyvist\u00e4 turvallisuuspoikkeamista ilman aiheetonta viivytyst\u00e4, 72 tunnin kuluessa siit\u00e4, kun se on tullut tietoiseksi rikkomuksesta, viranomaisille ja asianomaisille henkil\u00f6ille Latvian tasavallan ja\/tai Euroopan unionin lains\u00e4\u00e4d\u00e4nn\u00f6n mukaisesti, ellei LODE SIA voi tilivelvollisuusperiaatteen mukaisesti selv\u00e4sti osoittaa, ett\u00e4 henkil\u00f6tietoja koskeva tietoturvarikkomus ei todenn\u00e4k\u00f6isesti aiheuta riski\u00e4 luonnollisten henkil\u00f6iden oikeuksille ja vapauksille.<br\/>LODE SIA varmistaa henkil\u00f6tietojen k\u00e4sittely- ja suojausvaatimusten noudattamisen Latvian tasavallan ja\/tai Euroopan unionin lakien ja asetusten mukaisesti.<\/p>\n\n\n\n<h2 class=\"wp-block-heading\">Mitk\u00e4 oikeudet rekister\u00f6idyll\u00e4 on?<\/h2>\n\n\n\n<ul class=\"wp-block-list\">\n<li>Voit ottaa yhteytt\u00e4 LODE SIA:han saadaksesi kopion henkil\u00f6tiedoista, jotka LODE SIA:lla on hallussaan.<\/li>\n\n\n\n<li>Voit muokata kaikkia LODE SIA:n sinusta hallussaan pit\u00e4mi\u00e4 henkil\u00f6tietoja.<\/li>\n\n\n\n<li>Voit saada tietoja niist\u00e4 yksil\u00f6ist\u00e4 tai yhteis\u00f6ist\u00e4, jotka ovat tietyn ajanjakson aikana saaneet tietojasi LODE SIA:lta. LODE SIA ei luovuta rekister\u00f6idylle tietoja valtion viranomaisista (kuten rikosoikeudellisten menettelyjen johtavista elimist\u00e4, operatiivisen toiminnan yksik\u00f6ist\u00e4 tai muista organisaatioista) eik\u00e4 muissa tapauksissa, joissa laki kielt\u00e4\u00e4 tietojen luovuttamisen.<\/li>\n\n\n\n<li>Voit pyyt\u00e4\u00e4 sellaisten henkil\u00f6tietojen poistamista tai k\u00e4sittelyn poistamista, joiden k\u00e4sittely ei ole en\u00e4\u00e4 tarpeen niiden tarkoitusten kannalta, joita varten ne ker\u00e4ttiin ja k\u00e4siteltiin (\u201doikeus tulla unohdetuksi\u201d) ja joiden poistaminen tai rajoittaminen on sallittua Latvian tasavallan ja\/tai Euroopan unionin lakien ja asetusten nojalla.<\/li>\n\n\n\n<li>Rekister\u00f6idyll\u00e4 on oikeus siirt\u00e4\u00e4 henkil\u00f6tietonsa.<\/li>\n<\/ul>\n\n\n\n<p>Ota yhteytt\u00e4 LODE SIA:han tai henkil\u00f6tietojen k\u00e4sittelyn valvontaviranomaiseen (Latvian tietosuojavirasto, www.dvi.gov.lv), jos sinulla on kysytt\u00e4v\u00e4\u00e4 henkil\u00f6tietojen k\u00e4sittelyst\u00e4. ota yhteytt\u00e4 LODE SIA:han kaikissa tietoturvaj\u00e4rjestelm\u00e4\u00e4n ja tietojen k\u00e4sittelyn turvallisuuteen liittyviss\u00e4 kysymyksiss\u00e4, joita t\u00e4m\u00e4 k\u00e4yt\u00e4nt\u00f6 ei kata (puhelin +371 67378020, s\u00e4hk\u00f6posti: info@lode.lv).<\/p>\n<\/div>\n","protected":false},"excerpt":{"rendered":"<p>LODE SIA on sitoutunut suojelemaan rekister\u00f6ityjen yksityisyytt\u00e4 Euroopan parlamentin ja neuvoston luonnollisten henkil\u00f6iden suojelusta henkil\u00f6tietojen k\u00e4sittelyss\u00e4 sek\u00e4 n\u00e4iden tietojen vapaasta liikkuvuudesta ja direktiivin 95\/46\/EY kumoamisesta 27. huhtikuuta 2016 antaman asetuksen (EU) 2016\/679 (yleinen tietosuoja-asetus) sek\u00e4 muiden yksityisyytt\u00e4 ja henkil\u00f6tietojen k\u00e4sittely\u00e4 koskevien lakien ja m\u00e4\u00e4r\u00e4ysten mukaisesti. LODE SIA:n tietosuojak\u00e4yt\u00e4nt\u00f6 koskee tietojenk\u00e4sittely\u00e4 riippumatta siit\u00e4, miss\u00e4 muodossa ja\/tai [&hellip;]<\/p>\n","protected":false},"author":1,"featured_media":269950,"parent":0,"menu_order":0,"comment_status":"closed","ping_status":"closed","template":"single-post","meta":{"_acf_changed":false,"footnotes":""},"class_list":["post-269393","page","type-page","status-publish","has-post-thumbnail","hentry"],"acf":[],"_links":{"self":[{"href":"https:\/\/lode.lv\/fi\/wp-json\/wp\/v2\/pages\/269393","targetHints":{"allow":["GET"]}}],"collection":[{"href":"https:\/\/lode.lv\/fi\/wp-json\/wp\/v2\/pages"}],"about":[{"href":"https:\/\/lode.lv\/fi\/wp-json\/wp\/v2\/types\/page"}],"author":[{"embeddable":true,"href":"https:\/\/lode.lv\/fi\/wp-json\/wp\/v2\/users\/1"}],"replies":[{"embeddable":true,"href":"https:\/\/lode.lv\/fi\/wp-json\/wp\/v2\/comments?post=269393"}],"version-history":[{"count":0,"href":"https:\/\/lode.lv\/fi\/wp-json\/wp\/v2\/pages\/269393\/revisions"}],"wp:featuredmedia":[{"embeddable":true,"href":"https:\/\/lode.lv\/fi\/wp-json\/wp\/v2\/media\/269950"}],"wp:attachment":[{"href":"https:\/\/lode.lv\/fi\/wp-json\/wp\/v2\/media?parent=269393"}],"curies":[{"name":"wp","href":"https:\/\/api.w.org\/{rel}","templated":true}]}}