{"id":269379,"date":"2025-03-09T12:24:17","date_gmt":"2025-03-09T12:24:17","guid":{"rendered":"http:\/\/lode2025.local\/evastekaytanto\/"},"modified":"2025-05-15T14:41:17","modified_gmt":"2025-05-15T14:41:17","slug":"evastekaytanto","status":"publish","type":"page","link":"https:\/\/lode.lv\/fi\/evastekaytanto\/","title":{"rendered":"Ev\u00e4stek\u00e4yt\u00e4nt\u00f6"},"content":{"rendered":"\n<div class=\"wp-block-group has-global-padding is-layout-constrained wp-container-core-group-is-layout-5a30f31b wp-block-group-is-layout-constrained\">\n<p>Ev\u00e4stek\u00e4yt\u00e4nn\u00f6n tarkoituksena on tarjota rekister\u00f6idyille tietoa LODE SIA:n ev\u00e4stek\u00e4yt\u00e4nn\u00f6st\u00e4, joka on k\u00e4yt\u00f6ss\u00e4 LODE SIA:n yll\u00e4pit\u00e4mill\u00e4 verkkosivustoilla ja varmistaa henkil\u00f6tietojen ja rekister\u00f6ityjen oikeuksien suoja. K\u00e4ytt\u00e4m\u00e4ll\u00e4 ev\u00e4steit\u00e4 varmistamme, ett\u00e4 kaikki henkil\u00f6tiedot k\u00e4sitell\u00e4\u00e4n Euroopan parlamentin ja neuvoston luonnollisten henkil\u00f6iden suojelusta henkil\u00f6tietojen k\u00e4sittelyss\u00e4 sek\u00e4 n\u00e4iden tietojen vapaasta liikkuvuudesta ja direktiivin 95\/46\/EY kumoamisesta 27. huhtikuuta 2016 antaman asetuksen (EU) 2016\/679 (yleinen tietosuoja-asetus) sek\u00e4 muiden yksityisyytt\u00e4 ja henkil\u00f6tietojen k\u00e4sittely\u00e4 koskevien oikeudellisten m\u00e4\u00e4r\u00e4ysten mukaisesti ja yhtenev\u00e4sti LODE SIA:n tietosuojak\u00e4yt\u00e4nn\u00f6n kanssa.<\/p>\n\n\n\n<h2 class=\"wp-block-heading\">YHTEYSTIEDOT<\/h2>\n\n\n\n<p>Rekisterinpit\u00e4j\u00e4 on LODE SIA, rekister\u00f6intinumero 50003032071, virallinen osoite: &#8221;Lode&#8221;, Liepas pagasts, C\u0113su novads, LV-4128. L\u00e4het\u00e4 tietojen k\u00e4sittely\u00e4 koskevat tiedustelut s\u00e4hk\u00f6postilla osoitteeseen <a href=\"mailto:info@lode.lv\">info@lode.lv<\/a><\/p>\n\n\n\n<h2 class=\"wp-block-heading\">YLEIST\u00c4 TIETOA EV\u00c4STEIST\u00c4<\/h2>\n\n\n\n<p>Ev\u00e4steet ovat pieni\u00e4 tekstitiedostoja, jotka selaimesi (esim. Google Chrome, Microsoft Edge ja muut) tallentaa laitteeseesi (esim. tietokone, matkapuhelin, tabletti) selatessasi. Niit\u00e4 k\u00e4ytet\u00e4\u00e4n laajasti verkkosivustojen toiminnan mahdollistamiseksi tai tehostamiseksi ja joskus my\u00f6s tilastotietojen saamiseksi rekister\u00f6idyst\u00e4 ja heid\u00e4n toiminnastaan sivustolla.<\/p>\n\n\n\n<p>Ev\u00e4steet ovat k\u00e4yt\u00e4nn\u00f6ss\u00e4 internetin k\u00e4ytt\u00e4j\u00e4n tunnistekortti, joka toimittaa verkkosivustolle tietoa jokaisella seuraavalla vierailulla. Ev\u00e4steet suorittavat joukon toimintoja, kuten tallentavat aiemmat haut, kielet ja fonttikoon asetukset, sek\u00e4 mahdollistavat helpon navigoinnin sivustolla muistamalla k\u00e4ytt\u00e4j\u00e4n tavat ja mieltymykset ja parantaen n\u00e4in kokonaisvaltaista verkkosivustokokemusta.<\/p>\n\n\n\n<p>Ev\u00e4steet parantavat my\u00f6s verkkosivuston toimintaa. Yksi ev\u00e4steiden k\u00e4yt\u00f6n tarkoituksista on saada k\u00e4sitys siit\u00e4, miten verkkosivustoa k\u00e4ytet\u00e4\u00e4n, jotta sen k\u00e4ytt\u00e4j\u00e4yst\u00e4v\u00e4llisyytt\u00e4, sis\u00e4lt\u00f6\u00e4 ja toiminnallisuutta voidaan parantaa. Ev\u00e4steiden avulla voimme esimerkiksi selvitt\u00e4\u00e4, onko verkkosivuston alasivut k\u00e4yty l\u00e4pi, ja jos ovat, mitk\u00e4 niist\u00e4 ja mik\u00e4 sis\u00e4lt\u00f6 on kiinnostanut k\u00e4ytt\u00e4ji\u00e4. T\u00e4rkeimpin\u00e4 tietoina tallentuvat sivustovierailujen m\u00e4\u00e4r\u00e4, vierailtujen alasivujen m\u00e4\u00e4r\u00e4, sivustolla vietetty aika, sivuvierailujen j\u00e4rjestys, tiedot hakuparametreista, jotka ovat ohjanneet k\u00e4ytt\u00e4ji\u00e4 sivustolle, maa, alue ja tarvittaessa kaupunki, josta sivustolle on siirrytty, selaintiedot ja mobiililaitteiden osuus sivuston k\u00e4yt\u00f6ss\u00e4. K\u00e4ytt\u00e4j\u00e4n tietokoneen IP-osoite, joka siirret\u00e4\u00e4n teknisist\u00e4 syist\u00e4, anonymisoidaan automaattisesti, eik\u00e4 siit\u00e4 voi tehd\u00e4 p\u00e4\u00e4telmi\u00e4 k\u00e4ytt\u00e4j\u00e4n henkil\u00f6llisyydest\u00e4.<\/p>\n\n\n\n<h2 class=\"wp-block-heading\">EV\u00c4STETYYPIT, TOIMINNOT, YLL\u00c4PIT\u00c4J\u00c4T, S\u00c4ILYTYSAJAT<\/h2>\n\n\n\n<p>LODE SIA:n yll\u00e4pit\u00e4m\u00e4ll\u00e4 verkkosivustolla k\u00e4ytet\u00e4\u00e4n ev\u00e4steit\u00e4 k\u00e4ytt\u00e4j\u00e4mukavuuden parantamiseksi, t\u00e4yden toiminnallisuuden varmistamiseksi ja tilastotietojen ker\u00e4\u00e4miseksi.<\/p>\n\n\n\n<p>Tilastojen kokoamisen tarkoituksessa sivusto <a href=\"https:\/\/lode.lv\/en\/\">www.lode.lv<\/a> k\u00e4ytt\u00e4\u00e4 Google Inc:n kehitt\u00e4m\u00e4\u00e4 Google Analytics -ohjelmaa, joka k\u00e4ytt\u00e4\u00e4 ev\u00e4steit\u00e4 verkkosivuston k\u00e4yt\u00f6n analysointiin.<\/p>\n\n\n\n<figure class=\"wp-block-table\"><table class=\"has-fixed-layout\"><tbody><tr><td><strong>Nimi<\/strong><\/td><td><strong>Palveluntarjoaja \/ Verkkotunnus<\/strong><\/td><td><strong>P\u00e4\u00e4ttymisaika<\/strong><\/td><td><strong>Kuvaus<\/strong><\/td><\/tr><tr><td>VISITOR_PRIVACY_METADATA<\/td><td><a href=\"https:\/\/policies.google.com\/privacy\" target=\"_blank\" rel=\"noreferrer noopener\"><strong>YouTube<\/strong><\/a><br\/>.youtube.com<\/td><td>6 kuukautta<\/td><td>T\u00e4t\u00e4 ev\u00e4stett\u00e4 k\u00e4ytet\u00e4\u00e4n tallentamaan k\u00e4ytt\u00e4j\u00e4n suostumus ja tietosuojavalintoja vuorovaikutuksesta sivuston kanssa. Se tallentaa tietoja k\u00e4vij\u00e4n suostumuksesta erilaisiin tietosuojak\u00e4yt\u00e4nt\u00f6ihin ja -asetuksiin ja varmistaa, ett\u00e4 heid\u00e4n mieltymyksi\u00e4\u00e4n kunnioitetaan tulevissa istunnoissa.<\/td><\/tr><tr><td>CookieScriptConsent<\/td><td><a href=\"https:\/\/cookie-script.com\/privacy-policy.html\" target=\"_blank\" rel=\"noreferrer noopener\"><strong>CookieScript<\/strong><\/a><br\/>lode.lv<\/td><td>1\u00a0kuukausi<\/td><td>Cookie-Script.com-palvelu k\u00e4ytt\u00e4\u00e4 t\u00e4t\u00e4 ev\u00e4stett\u00e4 vierailijaev\u00e4steiden suostumusasetusten muistamiseen. On v\u00e4ltt\u00e4m\u00e4t\u00f6nt\u00e4, ett\u00e4 Cookie-Script.com-ev\u00e4stebanneri toimii oikein.<\/td><\/tr><tr><td>sbjs_current_add<\/td><td>.lode.lv<\/td><td>Istunto<\/td><td>T\u00e4t\u00e4 ev\u00e4stett\u00e4 k\u00e4ytet\u00e4\u00e4n tallentamaan tietoja nykyisest\u00e4 vierailusta erottaa k\u00e4ytt\u00e4j\u00e4t ja istunnot. Se sis\u00e4lt\u00e4\u00e4 tyypillisesti tietoja, kuten liikenteen l\u00e4hde, kampanjatiedot ja k\u00e4ytt\u00e4j\u00e4k\u00e4ytt\u00e4ytyminen, jotka auttavat seuraamaan ja analysoimaan markkinointikampanjoiden tehokkuutta.<\/td><\/tr><tr><td>sbjs_session<\/td><td>.lode.lv<\/td><td>30 minuuttia<\/td><td>T\u00e4t\u00e4 ev\u00e4stett\u00e4 k\u00e4ytet\u00e4\u00e4n seuraamaan k\u00e4ytt\u00e4j\u00e4n toimintaa ja istuntoja verkkosivuston suorituskyvyn ja k\u00e4ytett\u00e4vyyden parantamiseksi, mik\u00e4 auttaa ymm\u00e4rt\u00e4m\u00e4\u00e4n, miten k\u00e4vij\u00e4t ovat vuorovaikutuksessa verkkosivuston kanssa.<\/td><\/tr><tr><td>sbjs_migrations<\/td><td>.lode.lv<\/td><td>Istunto<\/td><td>T\u00e4t\u00e4 ev\u00e4stett\u00e4 k\u00e4ytet\u00e4\u00e4n seuraamaan k\u00e4ytt\u00e4j\u00e4n vuorovaikutusta ja muuttoa eri sivujen tai sivuston osien v\u00e4lill\u00e4 k\u00e4ytt\u00e4j\u00e4kokemuksen ja verkkosivuston suorituskyvyn analysoinnin parantamiseksi.<\/td><\/tr><tr><td>sbjs_first<\/td><td>.lode.lv<\/td><td>Istunto<\/td><td>T\u00e4t\u00e4 ev\u00e4stett\u00e4 k\u00e4ytet\u00e4\u00e4n tallentamaan tietoja k\u00e4ytt\u00e4j\u00e4n ensimm\u00e4isest\u00e4 istunnosta verkkosivustolla. Se seuraa yksityiskohtia, kuten l\u00e4hde, josta k\u00e4ytt\u00e4j\u00e4 tuli, polku, jonka he ottivat, mit\u00e4 hakukonetta ja avainsanaa k\u00e4ytettiin, ja niiden sijainti ensimm\u00e4isen vierailun aikana. N\u00e4it\u00e4 tietoja k\u00e4ytet\u00e4\u00e4n analysoimaan ja parantamaan verkkosivuston suorituskyky\u00e4 ymm\u00e4rt\u00e4m\u00e4ll\u00e4 k\u00e4ytt\u00e4j\u00e4n k\u00e4ytt\u00e4ytymist\u00e4.<\/td><\/tr><tr><td>sbjs_udata<\/td><td>.lode.lv<\/td><td>Istunto<\/td><td>T\u00e4t\u00e4 ev\u00e4stett\u00e4 k\u00e4ytet\u00e4\u00e4n tallentamaan k\u00e4ytt\u00e4j\u00e4kohtaisia tietoja, joiden avulla voidaan seurata ja analysoida mainoskampanjoiden tehokkuutta ja optimoida k\u00e4ytt\u00e4j\u00e4kokemus verkkosivustolla.<\/td><\/tr><tr><td>_ga<\/td><td><a href=\"https:\/\/policies.google.com\/privacy\" target=\"_blank\" rel=\"noreferrer noopener\">Google LLC<\/a><br\/>.lode.lv<\/td><td>1 vuosi 1 kuukausi<\/td><td>T\u00e4m\u00e4 ev\u00e4steen nimi liittyy Google Universal Analyticsiin &#8211; mik\u00e4 on merkitt\u00e4v\u00e4 p\u00e4ivitys Googlen yleisimmin k\u00e4ytettyyn analytiikkapalveluun. T\u00e4t\u00e4 ev\u00e4stett\u00e4 k\u00e4ytet\u00e4\u00e4n yksil\u00f6im\u00e4\u00e4n k\u00e4ytt\u00e4j\u00e4t yksil\u00f6im\u00e4ll\u00e4 satunnaisesti luotu numero asiakastunnukseksi. Se sis\u00e4ltyy kuhunkin sivuston sivupyynt\u00f6\u00f6n ja sit\u00e4 k\u00e4ytet\u00e4\u00e4n vierailija-, istunto- ja kampanjatietojen laskemiseen sivustojen analyysiraporteille.<\/td><\/tr><tr><td>_ga_36W1VK26CR<\/td><td>.lode.lv<\/td><td>1 vuosi 1 kuukausi<\/td><td>Google Analytics k\u00e4ytt\u00e4\u00e4 t\u00e4t\u00e4 ev\u00e4stett\u00e4 istunnon tilan s\u00e4ilytt\u00e4miseen.<\/td><\/tr><tr><td>sbjs_first_add<\/td><td>.lode.lv<\/td><td>Istunto<\/td><td>T\u00e4t\u00e4 ev\u00e4stett\u00e4 k\u00e4ytet\u00e4\u00e4n tallentamaan tietoja k\u00e4ytt\u00e4j\u00e4n ensimm\u00e4isest\u00e4 vierailusta verkkosivustolla, mukaan lukien aikaleima, viittaussivusto ja liikenteen l\u00e4hde, markkinointikampanjoiden ja verkkosivustojen l\u00e4hteiden tehokkuuden arvioimiseksi.<\/td><\/tr><tr><td>sbjs_current<\/td><td>.lode.lv<\/td><td>Istunto<\/td><td>T\u00e4t\u00e4 ev\u00e4stett\u00e4 k\u00e4ytet\u00e4\u00e4n seuraamaan k\u00e4ytt\u00e4jien toimintaa ja vuorovaikutusta verkkosivustolla, mik\u00e4 helpottaa liikenteen l\u00e4hteiden ja k\u00e4ytt\u00e4j\u00e4k\u00e4ytt\u00e4ytymisen analysointia ja ymm\u00e4rt\u00e4mist\u00e4.<\/td><\/tr><tr><td>test_cookie<\/td><td><a href=\"https:\/\/policies.google.com\/privacy\" target=\"_blank\" rel=\"noreferrer noopener\">Google LLC<\/a><br\/>.doubleclick.net<\/td><td>15 minuuttia<\/td><td>DoubleClick (jonka omistaa Google) asettaa t\u00e4m\u00e4n ev\u00e4steen selvitt\u00e4\u00e4kseen, tukeeko verkkosivuston vierailijan selain ev\u00e4steit\u00e4.<\/td><\/tr><tr><td>YSC<\/td><td><a href=\"https:\/\/policies.google.com\/privacy\" target=\"_blank\" rel=\"noreferrer noopener\">Google LLC<\/a><br\/>.youtube.com<\/td><td>Istunto<\/td><td>YouTube on asettanut t\u00e4m\u00e4n ev\u00e4steen seuraamaan upotettujen videoiden n\u00e4kymi\u00e4.<\/td><\/tr><tr><td>_gcl_au<\/td><td><a href=\"https:\/\/policies.google.com\/privacy\" target=\"_blank\" rel=\"noreferrer noopener\">Google LLC<\/a><br\/>.lode.lv<\/td><td>3 kuukautta<\/td><td>T\u00e4m\u00e4n ev\u00e4steen on asettanut Doubleclick, ja se antaa tietoja siit\u00e4, miten loppuk\u00e4ytt\u00e4j\u00e4 k\u00e4ytt\u00e4\u00e4 verkkosivustoa, sek\u00e4 kaikista mainoksista, jotka loppuk\u00e4ytt\u00e4j\u00e4 on saattanut n\u00e4hd\u00e4 ennen vierailua mainitussa verkkosivustossa.<\/td><\/tr><tr><td>IDE<\/td><td><a href=\"https:\/\/policies.google.com\/privacy\" target=\"_blank\" rel=\"noreferrer noopener\">Google LLC<\/a><br\/>.doubleclick.net<\/td><td>1 vuosi<\/td><td>T\u00e4m\u00e4n ev\u00e4steen on asettanut Doubleclick, ja se antaa tietoja siit\u00e4, miten loppuk\u00e4ytt\u00e4j\u00e4 k\u00e4ytt\u00e4\u00e4 verkkosivustoa, sek\u00e4 kaikista mainoksista, jotka loppuk\u00e4ytt\u00e4j\u00e4 on saattanut n\u00e4hd\u00e4 ennen vierailua mainitussa verkkosivustossa.<\/td><\/tr><tr><td>VISITOR_INFO1_LIVE<\/td><td><a href=\"https:\/\/policies.google.com\/privacy\" target=\"_blank\" rel=\"noreferrer noopener\">Google LLC<\/a><\/td><td>6 kuukautta<\/td><td>T\u00e4m\u00e4n ev\u00e4steen asettaa YouTube seuratakseen k\u00e4ytt\u00e4jien mieltymyksi\u00e4 verkkosivuille upotettujen YouTube-videoiden osalta; se voi my\u00f6s tunnistaa, k\u00e4ytt\u00e4v\u00e4tk\u00f6 sivuston k\u00e4vij\u00e4t YouTuben uutta vai vanhaa k\u00e4ytt\u00f6liittym\u00e4versiota.<br\/><\/td><\/tr><tr><td>_wpfuuid<\/td><td>lode.lv<\/td><td>1 vuosi 1 kuukausi<\/td><td>T\u00e4t\u00e4 ev\u00e4stett\u00e4 k\u00e4ytet\u00e4\u00e4n luomaan jokaiselle k\u00e4vij\u00e4lle yksil\u00f6llinen tunniste istunnon eheyden yll\u00e4pit\u00e4miseksi ja k\u00e4ytt\u00e4j\u00e4kokemuksen parantamiseksi verkkosivustolla.<\/td><\/tr><tr><td>wp-wpml_current_language<\/td><td><a href=\"https:\/\/wpml.org\/documentation\/privacy-policy-and-gdpr-compliance\/\" target=\"_blank\" rel=\"noreferrer noopener\">OnTheGoSystems Ltd.<\/a><br\/>lode.lv<\/td><td>Istunto<\/td><td>Tallentaa nykyisen kielen. Oletusarvoisesti t\u00e4m\u00e4 ev\u00e4ste asetetaan vain kirjautuneille k\u00e4ytt\u00e4jille. Jos otat kieliev\u00e4steen tukemaan AJAX-suodatusta, t\u00e4m\u00e4 ev\u00e4ste asetetaan my\u00f6s k\u00e4ytt\u00e4jille, jotka eiv\u00e4t ole kirjautuneet sis\u00e4\u00e4n.<\/td><\/tr><\/tbody><\/table><\/figure>\n\n\n\n<h2 class=\"wp-block-heading\">EV\u00c4STEIDEN HALLINTA<\/h2>\n\n\n\n<p>Rekister\u00f6ity voi hallita ev\u00e4steit\u00e4 tai poistaa ne. Useimmat verkkoselaimet voidaan asettaa est\u00e4m\u00e4\u00e4n ev\u00e4steiden tallentaminen laitteeseen. Huomaa, ett\u00e4 sinun on t\u00e4ll\u00f6in muutettava tiettyj\u00e4 asetuksia aina, kun vierailet verkkosivustolla, ja jotkin palvelut ja ominaisuudet eiv\u00e4t v\u00e4ltt\u00e4m\u00e4tt\u00e4 toimi verkkosivustolla.<\/p>\n\n\n\n<p>Lue lis\u00e4\u00e4 t\u00e4\u00e4lt\u00e4: https:\/\/www.aboutcookies.org\/.<\/p>\n\n\n\n<p>Lis\u00e4tietoja ev\u00e4steiden hallinnasta selaimessasi saat t\u00e4\u00e4lt\u00e4:<\/p>\n\n\n\n<p>Internet Explorer: http:\/\/support.microsoft.com\/kb\/278835<br\/>Chrome: https:\/\/support.google.com\/chrome\/answer\/95647?hl=en<br\/>Firefox: http:\/\/support.mozilla.org\/en-US\/kb\/Clear%20Recent%20History<br\/>Opera: https:\/\/www.opera.com\/help\/tutorials\/security\/privacy\/<br\/>Safari: http:\/\/support.apple.com\/kb\/PH5042<br\/>Jos haluat kielt\u00e4\u00e4 tietojen ker\u00e4\u00e4misen Google Analyticsilt\u00e4, voit ladata ja asentaa selainlis\u00e4osan: https:\/\/tools.google.com\/dlpage\/gaoptout.<\/p>\n\n\n\n<h2 class=\"wp-block-heading\">EV\u00c4STEIDEN K\u00c4YTT\u00d6 JA TALLENTAMINEN<\/h2>\n\n\n\n<p>LODE SIA k\u00e4ytt\u00e4\u00e4 teknisi\u00e4\/v\u00e4ltt\u00e4m\u00e4tt\u00f6mi\u00e4\/toiminnallisia ev\u00e4steit\u00e4 ja mukautettuja \/k\u00e4vij\u00e4n asetusev\u00e4steit\u00e4 LODE SIA:n oikeutettujen etujen perusteella.<\/p>\n\n\n\n<p>LODE SIA k\u00e4ytt\u00e4\u00e4 analyyttisi\u00e4 ev\u00e4steit\u00e4 sek\u00e4 suoraan ett\u00e4 kolmannen osapuolen, Googlen, kautta seuraaviin tarkoituksiin rekister\u00f6idyn suostumuksen perusteella:<\/p>\n\n\n\n<ul class=\"wp-block-list\">\n<li>yksil\u00f6llisten k\u00e4ytt\u00e4jien m\u00e4\u00e4ritt\u00e4miseksi;<\/li>\n\n\n\n<li>tilastojen ker\u00e4\u00e4miseen sivustok\u00e4yntien m\u00e4\u00e4r\u00e4st\u00e4;<\/li>\n\n\n\n<li><em>Googlen <\/em>asetuksiin ja muihin tarkoituksiin,<\/li>\n\n\n\n<li>verkkosivuston k\u00e4vij\u00f6iden analysointiin.<\/li>\n<\/ul>\n\n\n\n<p>Antamalla suostumuksensa verkkosivustolla k\u00e4ynnin yhteydess\u00e4 n\u00e4ytett\u00e4v\u00e4ss\u00e4 ev\u00e4stepalkissa rekister\u00f6ity valitsee, salliiko h\u00e4n tietyt ev\u00e4steluokat.<\/p>\n\n\n\n<p>Ev\u00e4steit\u00e4 s\u00e4ilytet\u00e4\u00e4n enint\u00e4\u00e4n lain edellytt\u00e4m\u00e4n ajan.<\/p>\n\n\n\n<h2 class=\"wp-block-heading\">SUOSTUMUKSEN PERUUTTAMINEN<\/h2>\n\n\n\n<p>Rekister\u00f6ity voi milloin tahansa muuttaa ev\u00e4steiden lupia tai kielt\u00e4\u00e4 ev\u00e4steiden k\u00e4yt\u00f6n. Rekister\u00f6ity voi kielt\u00e4yty\u00e4 kaikista ev\u00e4steist\u00e4 teknisi\u00e4 ev\u00e4steit\u00e4 lukuun ottamatta. Jos rekister\u00f6ity haluaa antaa suostumuksensa analyyttisiin ev\u00e4steisiin tai peruuttaa sen, h\u00e4nen on napsautettava kyseist\u00e4 painiketta.<\/p>\n\n\n\n<p>Ev\u00e4steasetuksia voi tarkastella ja muuttaa milloin tahansa napsauttamalla verkkosivuston vasemmassa alareunassa olevaa kuvaketta.<\/p>\n\n\n\n<p>Yksityiskohtaisempia tietoja ev\u00e4steist\u00e4 ja niiden k\u00e4yt\u00f6st\u00e4 tai muutoksista on saatavilla ev\u00e4steiden ikkunasta napsauttamalla painiketta &#8221;N\u00e4yt\u00e4 tiedot&#8221; ja sen j\u00e4lkeen painiketta &#8221;N\u00e4yt\u00e4 ev\u00e4steet&#8221; kyseisen kategorian alla.<br\/><\/p>\n\n\n\n<h2 class=\"wp-block-heading\">EV\u00c4STEK\u00c4YT\u00c4NN\u00d6N P\u00c4IVITT\u00c4MINEN JA MUUTTAMINEN<\/h2>\n\n\n\n<p>LODE SIA voi muuttaa tai p\u00e4ivitt\u00e4\u00e4 t\u00e4m\u00e4n k\u00e4yt\u00e4nn\u00f6n osia ilman ennakkoilmoitusta rekister\u00f6idylle. Tutustu ennen sivuston k\u00e4ytt\u00f6\u00e4 Ev\u00e4stek\u00e4yt\u00e4nt\u00f6\u00f6n uudelleen pysy\u00e4ksesi ajan tasalla viimeisimmist\u00e4 muutoksista ja p\u00e4ivityksist\u00e4.<\/p>\n<\/div>\n","protected":false},"excerpt":{"rendered":"<p>Ev\u00e4stek\u00e4yt\u00e4nn\u00f6n tarkoituksena on tarjota rekister\u00f6idyille tietoa LODE SIA:n ev\u00e4stek\u00e4yt\u00e4nn\u00f6st\u00e4, joka on k\u00e4yt\u00f6ss\u00e4 LODE SIA:n yll\u00e4pit\u00e4mill\u00e4 verkkosivustoilla ja varmistaa henkil\u00f6tietojen ja rekister\u00f6ityjen oikeuksien suoja. K\u00e4ytt\u00e4m\u00e4ll\u00e4 ev\u00e4steit\u00e4 varmistamme, ett\u00e4 kaikki henkil\u00f6tiedot k\u00e4sitell\u00e4\u00e4n Euroopan parlamentin ja neuvoston luonnollisten henkil\u00f6iden suojelusta henkil\u00f6tietojen k\u00e4sittelyss\u00e4 sek\u00e4 n\u00e4iden tietojen vapaasta liikkuvuudesta ja direktiivin 95\/46\/EY kumoamisesta 27. huhtikuuta 2016 antaman asetuksen (EU) 2016\/679 [&hellip;]<\/p>\n","protected":false},"author":1,"featured_media":269950,"parent":0,"menu_order":0,"comment_status":"closed","ping_status":"closed","template":"single-post","meta":{"_acf_changed":false,"footnotes":""},"class_list":["post-269379","page","type-page","status-publish","has-post-thumbnail","hentry"],"acf":[],"_links":{"self":[{"href":"https:\/\/lode.lv\/fi\/wp-json\/wp\/v2\/pages\/269379","targetHints":{"allow":["GET"]}}],"collection":[{"href":"https:\/\/lode.lv\/fi\/wp-json\/wp\/v2\/pages"}],"about":[{"href":"https:\/\/lode.lv\/fi\/wp-json\/wp\/v2\/types\/page"}],"author":[{"embeddable":true,"href":"https:\/\/lode.lv\/fi\/wp-json\/wp\/v2\/users\/1"}],"replies":[{"embeddable":true,"href":"https:\/\/lode.lv\/fi\/wp-json\/wp\/v2\/comments?post=269379"}],"version-history":[{"count":0,"href":"https:\/\/lode.lv\/fi\/wp-json\/wp\/v2\/pages\/269379\/revisions"}],"wp:featuredmedia":[{"embeddable":true,"href":"https:\/\/lode.lv\/fi\/wp-json\/wp\/v2\/media\/269950"}],"wp:attachment":[{"href":"https:\/\/lode.lv\/fi\/wp-json\/wp\/v2\/media?parent=269379"}],"curies":[{"name":"wp","href":"https:\/\/api.w.org\/{rel}","templated":true}]}}