{"id":280529,"date":"2026-04-26T12:45:26","date_gmt":"2026-04-26T12:45:26","guid":{"rendered":"https:\/\/lode.lv\/?post_type=product&#038;p=280529"},"modified":"2026-04-27T12:43:23","modified_gmt":"2026-04-27T12:43:23","slug":"syriuzs-200x100","status":"publish","type":"product","link":"https:\/\/lode.lv\/et\/shop\/brugesanai-et\/klinkerplaatimine\/syriuzs-200x100\/","title":{"rendered":"Syriuzs 200&#215;100"},"content":{"rendered":"<p>Punased sillutuskivid, millel on soe ja looduslik savitoon, mis annab \u00fcmbrusele harmoonilise ilme. Ideaalne aiateedele, sise\u00f5uedele ja terrassidele. Selle k\u00f5rge vastupidavus ja minimaalne veeimavus tagavad pikaajalise kvaliteedi ning v\u00e4rvikindluse.<\/p>\n","protected":false},"excerpt":{"rendered":"<p>Klinkertellised<\/p>\n","protected":false},"featured_media":280570,"template":"","meta":{"_acf_changed":false},"product_brand":[90],"product_cat":[522,1027,1059],"product_tag":[],"class_list":{"0":"post-280529","1":"product","2":"type-product","3":"status-publish","4":"has-post-thumbnail","6":"product_brand-lode","7":"product_cat-klinkerplaatimine","8":"product_cat-brugesanai-et","9":"product_cat-rudens2025","11":"first","12":"instock","13":"product-type-variable"},"acf":[],"_links":{"self":[{"href":"https:\/\/lode.lv\/et\/wp-json\/wp\/v2\/product\/280529","targetHints":{"allow":["GET"]}}],"collection":[{"href":"https:\/\/lode.lv\/et\/wp-json\/wp\/v2\/product"}],"about":[{"href":"https:\/\/lode.lv\/et\/wp-json\/wp\/v2\/types\/product"}],"wp:featuredmedia":[{"embeddable":true,"href":"https:\/\/lode.lv\/et\/wp-json\/wp\/v2\/media\/280570"}],"wp:attachment":[{"href":"https:\/\/lode.lv\/et\/wp-json\/wp\/v2\/media?parent=280529"}],"wp:term":[{"taxonomy":"product_brand","embeddable":true,"href":"https:\/\/lode.lv\/et\/wp-json\/wp\/v2\/product_brand?post=280529"},{"taxonomy":"product_cat","embeddable":true,"href":"https:\/\/lode.lv\/et\/wp-json\/wp\/v2\/product_cat?post=280529"},{"taxonomy":"product_tag","embeddable":true,"href":"https:\/\/lode.lv\/et\/wp-json\/wp\/v2\/product_tag?post=280529"}],"curies":[{"name":"wp","href":"https:\/\/api.w.org\/{rel}","templated":true}]}}