{"id":275698,"date":"2025-04-17T04:07:27","date_gmt":"2025-04-17T04:07:27","guid":{"rendered":"https:\/\/lode.lv\/?post_type=product&#038;p=275698"},"modified":"2025-05-07T04:11:29","modified_gmt":"2025-05-07T04:11:29","slug":"tybet-copy","status":"publish","type":"product","link":"https:\/\/lode.lv\/et\/shop\/fassaadi-jaoks\/fassaadi-telliskiviplaadid\/tybet-copy\/","title":{"rendered":"TYBET (kriimustatud)"},"content":{"rendered":"<p>Tellisplaat, mis \u00fchendab endas pehme, rikkaliku tumehalli varjundi ja kriimustatud tekstuuri. Pinnareljeef loob loomuliku valguse m\u00e4ngu, lisades fassaadile d\u00fcnaamilisust. TYBET sobib ideaalselt modernsesse ja t\u00f6\u00f6stuslikku arhitektuuri, andes fassaadile vastupidava ja esteetiliselt meeldiva viimistluse. <\/p>\n","protected":false},"excerpt":{"rendered":"<p>Fassaadi tellisplaat<\/p>\n","protected":false},"featured_media":273225,"template":"","meta":{"_acf_changed":false},"product_brand":[90],"product_cat":[552,554],"product_tag":[],"class_list":{"0":"post-275698","1":"product","2":"type-product","3":"status-publish","4":"has-post-thumbnail","6":"product_brand-lode","7":"product_cat-fassaadi-jaoks","8":"product_cat-fassaadi-telliskiviplaadid","10":"first","11":"instock","12":"purchasable","13":"product-type-simple"},"acf":[],"_links":{"self":[{"href":"https:\/\/lode.lv\/et\/wp-json\/wp\/v2\/product\/275698","targetHints":{"allow":["GET"]}}],"collection":[{"href":"https:\/\/lode.lv\/et\/wp-json\/wp\/v2\/product"}],"about":[{"href":"https:\/\/lode.lv\/et\/wp-json\/wp\/v2\/types\/product"}],"wp:featuredmedia":[{"embeddable":true,"href":"https:\/\/lode.lv\/et\/wp-json\/wp\/v2\/media\/273225"}],"wp:attachment":[{"href":"https:\/\/lode.lv\/et\/wp-json\/wp\/v2\/media?parent=275698"}],"wp:term":[{"taxonomy":"product_brand","embeddable":true,"href":"https:\/\/lode.lv\/et\/wp-json\/wp\/v2\/product_brand?post=275698"},{"taxonomy":"product_cat","embeddable":true,"href":"https:\/\/lode.lv\/et\/wp-json\/wp\/v2\/product_cat?post=275698"},{"taxonomy":"product_tag","embeddable":true,"href":"https:\/\/lode.lv\/et\/wp-json\/wp\/v2\/product_tag?post=275698"}],"curies":[{"name":"wp","href":"https:\/\/api.w.org\/{rel}","templated":true}]}}