{"id":275688,"date":"2025-04-17T03:49:40","date_gmt":"2025-04-17T03:49:40","guid":{"rendered":"https:\/\/lode.lv\/?post_type=product&#038;p=275688"},"modified":"2025-05-07T04:11:30","modified_gmt":"2025-05-07T04:11:30","slug":"saturn-copy","status":"publish","type":"product","link":"https:\/\/lode.lv\/et\/shop\/fassaadi-jaoks\/fassaadi-telliskiviplaadid\/nurga-viimistlusplaadid-tellistest\/saturn-copy\/","title":{"rendered":"Saturn"},"content":{"rendered":"<p>SATURN nurgaplaadid t\u00e4iendavad SATURN fassaaditelliseid, tagades sujuva ja t\u00e4pse nurkade viimistluse. Tumehall toon ja sile pind annavad fassaadile korrap\u00e4rase ja minimalistliku ilme. T\u00e4nu oma silele pinnale ja k\u00f5rgele vastupidavusele v\u00f5imaldab telliskiviplaat fassaadile pikaealisust ja eristuvat arhitektuurset joont.  <\/p>\n","protected":false},"excerpt":{"rendered":"<p>Nurgafassaadi tellisplaat<\/p>\n","protected":false},"featured_media":273137,"template":"","meta":{"_acf_changed":false},"product_brand":[90],"product_cat":[552,554,555],"product_tag":[],"class_list":{"0":"post-275688","1":"product","2":"type-product","3":"status-publish","4":"has-post-thumbnail","6":"product_brand-lode","7":"product_cat-fassaadi-jaoks","8":"product_cat-fassaadi-telliskiviplaadid","9":"product_cat-nurga-viimistlusplaadid-tellistest","11":"first","12":"instock","13":"purchasable","14":"product-type-simple"},"acf":[],"_links":{"self":[{"href":"https:\/\/lode.lv\/et\/wp-json\/wp\/v2\/product\/275688","targetHints":{"allow":["GET"]}}],"collection":[{"href":"https:\/\/lode.lv\/et\/wp-json\/wp\/v2\/product"}],"about":[{"href":"https:\/\/lode.lv\/et\/wp-json\/wp\/v2\/types\/product"}],"wp:featuredmedia":[{"embeddable":true,"href":"https:\/\/lode.lv\/et\/wp-json\/wp\/v2\/media\/273137"}],"wp:attachment":[{"href":"https:\/\/lode.lv\/et\/wp-json\/wp\/v2\/media?parent=275688"}],"wp:term":[{"taxonomy":"product_brand","embeddable":true,"href":"https:\/\/lode.lv\/et\/wp-json\/wp\/v2\/product_brand?post=275688"},{"taxonomy":"product_cat","embeddable":true,"href":"https:\/\/lode.lv\/et\/wp-json\/wp\/v2\/product_cat?post=275688"},{"taxonomy":"product_tag","embeddable":true,"href":"https:\/\/lode.lv\/et\/wp-json\/wp\/v2\/product_tag?post=275688"}],"curies":[{"name":"wp","href":"https:\/\/api.w.org\/{rel}","templated":true}]}}