{"id":275683,"date":"2025-04-17T03:46:33","date_gmt":"2025-04-17T03:46:33","guid":{"rendered":"https:\/\/lode.lv\/?post_type=product&#038;p=275683"},"modified":"2025-05-07T04:11:31","modified_gmt":"2025-05-07T04:11:31","slug":"klassiline-copy","status":"publish","type":"product","link":"https:\/\/lode.lv\/et\/shop\/fassaadi-jaoks\/fassaadi-telliskiviplaadid\/klassiline-copy\/","title":{"rendered":"Rustic"},"content":{"rendered":"<p>RUSTIKA toob esile dramaatilised punase ja tumepruuni varjundid. Selle tugev ja kriimustatud pind annab seinale erip\u00e4rase tekstuuri ning loob vananeva efekti, mis kutsub esile muistsete hoonete ja ajah\u00f5lmas v\u00e4\u00e4rtuste m\u00e4lestusi. Need telliskivi plaadid sobivad nii fassaadidele kui ka siset\u00f6\u00f6dele, mis vajavad vastupidavat ja visuaalselt rikkalikku lahendust.<\/p>\n","protected":false},"excerpt":{"rendered":"<p>Fassaadi tellisplaat<\/p>\n","protected":false},"featured_media":275633,"template":"","meta":{"_acf_changed":false},"product_brand":[103],"product_cat":[552,554],"product_tag":[],"class_list":{"0":"post-275683","1":"product","2":"type-product","3":"status-publish","4":"has-post-thumbnail","6":"product_brand-patoka","7":"product_cat-fassaadi-jaoks","8":"product_cat-fassaadi-telliskiviplaadid","10":"first","11":"instock","12":"purchasable","13":"product-type-simple"},"acf":[],"_links":{"self":[{"href":"https:\/\/lode.lv\/et\/wp-json\/wp\/v2\/product\/275683","targetHints":{"allow":["GET"]}}],"collection":[{"href":"https:\/\/lode.lv\/et\/wp-json\/wp\/v2\/product"}],"about":[{"href":"https:\/\/lode.lv\/et\/wp-json\/wp\/v2\/types\/product"}],"wp:featuredmedia":[{"embeddable":true,"href":"https:\/\/lode.lv\/et\/wp-json\/wp\/v2\/media\/275633"}],"wp:attachment":[{"href":"https:\/\/lode.lv\/et\/wp-json\/wp\/v2\/media?parent=275683"}],"wp:term":[{"taxonomy":"product_brand","embeddable":true,"href":"https:\/\/lode.lv\/et\/wp-json\/wp\/v2\/product_brand?post=275683"},{"taxonomy":"product_cat","embeddable":true,"href":"https:\/\/lode.lv\/et\/wp-json\/wp\/v2\/product_cat?post=275683"},{"taxonomy":"product_tag","embeddable":true,"href":"https:\/\/lode.lv\/et\/wp-json\/wp\/v2\/product_tag?post=275683"}],"curies":[{"name":"wp","href":"https:\/\/api.w.org\/{rel}","templated":true}]}}