{"id":275668,"date":"2025-04-17T03:11:46","date_gmt":"2025-04-17T03:11:46","guid":{"rendered":"https:\/\/lode.lv\/?post_type=product&#038;p=275668"},"modified":"2025-05-07T04:11:33","modified_gmt":"2025-05-07T04:11:33","slug":"andromeda-copy-2","status":"publish","type":"product","link":"https:\/\/lode.lv\/et\/shop\/fassaadi-jaoks\/fassaadi-telliskiviplaadid\/andromeda-copy-2\/","title":{"rendered":"AQUARIUS"},"content":{"rendered":"<p>AQUARIUS \u00fchendab endas punakasrohelise laigulise v\u00e4rvi ja sileda pinna, luues d\u00fcnaamilise v\u00e4limusega fassaadi. T\u00e4nu vastupidavusele ilmastikule ja kulumisele on AQUARIUS j\u00e4tkusuutlik valik nii kaasaegsete kui ka klassikaliste projektide jaoks.<\/p>\n","protected":false},"excerpt":{"rendered":"<p>Fassaadi tellisplaat<\/p>\n","protected":false},"featured_media":275658,"template":"","meta":{"_acf_changed":false},"product_brand":[90],"product_cat":[552,554],"product_tag":[],"class_list":{"0":"post-275668","1":"product","2":"type-product","3":"status-publish","4":"has-post-thumbnail","6":"product_brand-lode","7":"product_cat-fassaadi-jaoks","8":"product_cat-fassaadi-telliskiviplaadid","10":"first","11":"instock","12":"purchasable","13":"product-type-simple"},"acf":[],"_links":{"self":[{"href":"https:\/\/lode.lv\/et\/wp-json\/wp\/v2\/product\/275668","targetHints":{"allow":["GET"]}}],"collection":[{"href":"https:\/\/lode.lv\/et\/wp-json\/wp\/v2\/product"}],"about":[{"href":"https:\/\/lode.lv\/et\/wp-json\/wp\/v2\/types\/product"}],"wp:featuredmedia":[{"embeddable":true,"href":"https:\/\/lode.lv\/et\/wp-json\/wp\/v2\/media\/275658"}],"wp:attachment":[{"href":"https:\/\/lode.lv\/et\/wp-json\/wp\/v2\/media?parent=275668"}],"wp:term":[{"taxonomy":"product_brand","embeddable":true,"href":"https:\/\/lode.lv\/et\/wp-json\/wp\/v2\/product_brand?post=275668"},{"taxonomy":"product_cat","embeddable":true,"href":"https:\/\/lode.lv\/et\/wp-json\/wp\/v2\/product_cat?post=275668"},{"taxonomy":"product_tag","embeddable":true,"href":"https:\/\/lode.lv\/et\/wp-json\/wp\/v2\/product_tag?post=275668"}],"curies":[{"name":"wp","href":"https:\/\/api.w.org\/{rel}","templated":true}]}}