{"id":275474,"date":"2025-04-16T12:01:26","date_gmt":"2025-04-16T12:01:26","guid":{"rendered":"https:\/\/lode.lv\/product\/vana-janka-2\/"},"modified":"2026-03-29T12:06:46","modified_gmt":"2026-03-29T12:06:46","slug":"vana-janka-2","status":"publish","type":"product","link":"https:\/\/lode.lv\/et\/shop\/fassaadi-jaoks\/loodud-tahvlid\/vana-janka-2\/","title":{"rendered":"VECAIS JANKA"},"content":{"rendered":"<p>Retroviimistlusega tellis iseloomuliku savipunase tooniga, mille pinnale on omased ebakorrap\u00e4rasused ja kerged tekstuursed n\u00fcansid, annavad fassaadile n\u00fcansseeritud iseloomu ja autentsuse. VECAIS JANKA pakub hoonetele eristuvat visuaalset v\u00e4limust, s\u00e4ilitades loodusliku savi traditsioonilised v\u00e4\u00e4rtused ja vastupidavuse.<\/p>\n","protected":false},"excerpt":{"rendered":"<p>Perforeeritud tellis<\/p>\n","protected":false},"featured_media":273229,"template":"","meta":{"_acf_changed":false},"product_brand":[90],"product_cat":[552,584],"product_tag":[],"class_list":{"0":"post-275474","1":"product","2":"type-product","3":"status-publish","4":"has-post-thumbnail","6":"product_brand-lode","7":"product_cat-fassaadi-jaoks","8":"product_cat-loodud-tahvlid","10":"first","11":"instock","12":"taxable","13":"shipping-taxable","14":"purchasable","15":"product-type-variable"},"acf":[],"_links":{"self":[{"href":"https:\/\/lode.lv\/et\/wp-json\/wp\/v2\/product\/275474","targetHints":{"allow":["GET"]}}],"collection":[{"href":"https:\/\/lode.lv\/et\/wp-json\/wp\/v2\/product"}],"about":[{"href":"https:\/\/lode.lv\/et\/wp-json\/wp\/v2\/types\/product"}],"wp:featuredmedia":[{"embeddable":true,"href":"https:\/\/lode.lv\/et\/wp-json\/wp\/v2\/media\/273229"}],"wp:attachment":[{"href":"https:\/\/lode.lv\/et\/wp-json\/wp\/v2\/media?parent=275474"}],"wp:term":[{"taxonomy":"product_brand","embeddable":true,"href":"https:\/\/lode.lv\/et\/wp-json\/wp\/v2\/product_brand?post=275474"},{"taxonomy":"product_cat","embeddable":true,"href":"https:\/\/lode.lv\/et\/wp-json\/wp\/v2\/product_cat?post=275474"},{"taxonomy":"product_tag","embeddable":true,"href":"https:\/\/lode.lv\/et\/wp-json\/wp\/v2\/product_tag?post=275474"}],"curies":[{"name":"wp","href":"https:\/\/api.w.org\/{rel}","templated":true}]}}