{"id":275454,"date":"2025-04-16T11:37:02","date_gmt":"2025-04-16T11:37:02","guid":{"rendered":"https:\/\/lode.lv\/product\/vana-bruno\/"},"modified":"2026-03-29T12:07:31","modified_gmt":"2026-03-29T12:07:31","slug":"vana-bruno","status":"publish","type":"product","link":"https:\/\/lode.lv\/et\/shop\/fassaadi-jaoks\/loodud-tahvlid\/vana-bruno\/","title":{"rendered":"Vecais Brunis"},"content":{"rendered":"<p>Tumeda \u0161okolaaditooniga retroviimistlusega, mille laineline tekstuur annab fassaadidele autentse iseloomu. Selle harmoonilised v\u00e4rvin\u00fcansid ja reljeefne tekstuur pakuvad fassaadile iseloomulikku ja n\u00fcansirikast v\u00e4limust, mis t\u00e4iendab suurep\u00e4raselt nii ajaloolisi kui ka kaasaegseid arhitektuurseid lahendusi.<\/p>\n","protected":false},"excerpt":{"rendered":"<p>Perforeeritud tellis<\/p>\n","protected":false},"featured_media":272929,"template":"","meta":{"_acf_changed":false},"product_brand":[90],"product_cat":[552,584],"product_tag":[],"class_list":{"0":"post-275454","1":"product","2":"type-product","3":"status-publish","4":"has-post-thumbnail","6":"product_brand-lode","7":"product_cat-fassaadi-jaoks","8":"product_cat-loodud-tahvlid","10":"first","11":"instock","12":"taxable","13":"shipping-taxable","14":"purchasable","15":"product-type-variable"},"acf":[],"_links":{"self":[{"href":"https:\/\/lode.lv\/et\/wp-json\/wp\/v2\/product\/275454","targetHints":{"allow":["GET"]}}],"collection":[{"href":"https:\/\/lode.lv\/et\/wp-json\/wp\/v2\/product"}],"about":[{"href":"https:\/\/lode.lv\/et\/wp-json\/wp\/v2\/types\/product"}],"wp:featuredmedia":[{"embeddable":true,"href":"https:\/\/lode.lv\/et\/wp-json\/wp\/v2\/media\/272929"}],"wp:attachment":[{"href":"https:\/\/lode.lv\/et\/wp-json\/wp\/v2\/media?parent=275454"}],"wp:term":[{"taxonomy":"product_brand","embeddable":true,"href":"https:\/\/lode.lv\/et\/wp-json\/wp\/v2\/product_brand?post=275454"},{"taxonomy":"product_cat","embeddable":true,"href":"https:\/\/lode.lv\/et\/wp-json\/wp\/v2\/product_cat?post=275454"},{"taxonomy":"product_tag","embeddable":true,"href":"https:\/\/lode.lv\/et\/wp-json\/wp\/v2\/product_tag?post=275454"}],"curies":[{"name":"wp","href":"https:\/\/api.w.org\/{rel}","templated":true}]}}