{"id":275437,"date":"2025-04-16T11:01:26","date_gmt":"2025-04-16T11:01:26","guid":{"rendered":"https:\/\/lode.lv\/product\/tybet-shadow\/"},"modified":"2025-05-07T04:11:17","modified_gmt":"2025-05-07T04:11:17","slug":"tybet-shadow","status":"publish","type":"product","link":"https:\/\/lode.lv\/et\/shop\/fassaadi-jaoks\/loodud-tahvlid\/tybet-shadow\/","title":{"rendered":"TYBET SHADOW"},"content":{"rendered":"<p>TYBETi toonid annavad fassaadile erilise visuaalse d\u00fcnaamilisuse t\u00e4nu sujuvatele \u00fcleminekutele puhtalt hallilt maatoonidele. Selle sile pind annab elegantse ja \u00fchtlase v\u00e4limuse, samas kui toonide varieeruvus loob loomuliku ja ainulaadse visuaalse efekti. <\/p>\n","protected":false},"excerpt":{"rendered":"<p>Perforeeritud tellis<\/p>\n","protected":false},"featured_media":273181,"template":"","meta":{"_acf_changed":false},"product_brand":[90],"product_cat":[552,584],"product_tag":[],"class_list":{"0":"post-275437","1":"product","2":"type-product","3":"status-publish","4":"has-post-thumbnail","6":"product_brand-lode","7":"product_cat-fassaadi-jaoks","8":"product_cat-loodud-tahvlid","10":"first","11":"instock","12":"taxable","13":"shipping-taxable","14":"purchasable","15":"product-type-simple"},"acf":[],"_links":{"self":[{"href":"https:\/\/lode.lv\/et\/wp-json\/wp\/v2\/product\/275437","targetHints":{"allow":["GET"]}}],"collection":[{"href":"https:\/\/lode.lv\/et\/wp-json\/wp\/v2\/product"}],"about":[{"href":"https:\/\/lode.lv\/et\/wp-json\/wp\/v2\/types\/product"}],"wp:featuredmedia":[{"embeddable":true,"href":"https:\/\/lode.lv\/et\/wp-json\/wp\/v2\/media\/273181"}],"wp:attachment":[{"href":"https:\/\/lode.lv\/et\/wp-json\/wp\/v2\/media?parent=275437"}],"wp:term":[{"taxonomy":"product_brand","embeddable":true,"href":"https:\/\/lode.lv\/et\/wp-json\/wp\/v2\/product_brand?post=275437"},{"taxonomy":"product_cat","embeddable":true,"href":"https:\/\/lode.lv\/et\/wp-json\/wp\/v2\/product_cat?post=275437"},{"taxonomy":"product_tag","embeddable":true,"href":"https:\/\/lode.lv\/et\/wp-json\/wp\/v2\/product_tag?post=275437"}],"curies":[{"name":"wp","href":"https:\/\/api.w.org\/{rel}","templated":true}]}}