{"id":275410,"date":"2025-04-16T10:37:10","date_gmt":"2025-04-16T10:37:10","guid":{"rendered":"https:\/\/lode.lv\/product\/asais-bruni\/"},"modified":"2026-03-29T12:07:39","modified_gmt":"2026-03-29T12:07:39","slug":"asais-bruni","status":"publish","type":"product","link":"https:\/\/lode.lv\/et\/shop\/fassaadi-jaoks\/loodud-tahvlid\/asais-bruni\/","title":{"rendered":"Asais Brunis"},"content":{"rendered":"<p>Kange kohvi v\u00e4rvi viimistletud tellis, millel on tugevalt kriimustatud pind, mis annab fassaadile d\u00fcnaamilise ja v\u00e4ljendusrikka iseloomu. Selle tekstuur tekitab n\u00fcansirikka valgusem\u00e4ngu, mis visuaalselt s\u00fcvendab seina struktuuri ja annab fassaadile ainulaadse ilme. Ideaalne nii t\u00f6\u00f6stuslikele kui ka klassikalistele hoonetele, samuti neile, kes soovivad anda oma hoonele individuaalse ja kaasaegse v\u00e4limuse.<\/p>\n","protected":false},"excerpt":{"rendered":"<p>Perforeeritud tellis<\/p>\n","protected":false},"featured_media":273005,"template":"","meta":{"_acf_changed":false},"product_brand":[90],"product_cat":[552,584],"product_tag":[],"class_list":{"0":"post-275410","1":"product","2":"type-product","3":"status-publish","4":"has-post-thumbnail","6":"product_brand-lode","7":"product_cat-fassaadi-jaoks","8":"product_cat-loodud-tahvlid","10":"first","11":"instock","12":"taxable","13":"shipping-taxable","14":"purchasable","15":"product-type-variable"},"acf":[],"_links":{"self":[{"href":"https:\/\/lode.lv\/et\/wp-json\/wp\/v2\/product\/275410","targetHints":{"allow":["GET"]}}],"collection":[{"href":"https:\/\/lode.lv\/et\/wp-json\/wp\/v2\/product"}],"about":[{"href":"https:\/\/lode.lv\/et\/wp-json\/wp\/v2\/types\/product"}],"wp:featuredmedia":[{"embeddable":true,"href":"https:\/\/lode.lv\/et\/wp-json\/wp\/v2\/media\/273005"}],"wp:attachment":[{"href":"https:\/\/lode.lv\/et\/wp-json\/wp\/v2\/media?parent=275410"}],"wp:term":[{"taxonomy":"product_brand","embeddable":true,"href":"https:\/\/lode.lv\/et\/wp-json\/wp\/v2\/product_brand?post=275410"},{"taxonomy":"product_cat","embeddable":true,"href":"https:\/\/lode.lv\/et\/wp-json\/wp\/v2\/product_cat?post=275410"},{"taxonomy":"product_tag","embeddable":true,"href":"https:\/\/lode.lv\/et\/wp-json\/wp\/v2\/product_tag?post=275410"}],"curies":[{"name":"wp","href":"https:\/\/api.w.org\/{rel}","templated":true}]}}