{"id":275401,"date":"2025-04-16T10:26:34","date_gmt":"2025-04-16T10:26:34","guid":{"rendered":"https:\/\/lode.lv\/product\/sharp-rudite\/"},"modified":"2026-03-29T12:07:58","modified_gmt":"2026-03-29T12:07:58","slug":"sharp-rudite","status":"publish","type":"product","link":"https:\/\/lode.lv\/et\/shop\/fassaadi-jaoks\/loodud-tahvlid\/sharp-rudite\/","title":{"rendered":"As\u0101 Rud\u012bte"},"content":{"rendered":"<p>Kollakaspruun t\u00e4piline viimistlustellis, millel on iseloomulik tekstuur, lisades visuaalset s\u00fcgavust ja loomulikku iseloomu. Selle tugev pind loob n\u00fcansirikka valgusm\u00e4ngu, mis lisab fassaadidele individuaalsust ja v\u00e4ljendusrikkust. Sobib ideaalselt ajalooliste hoonete restaureerimiseks ja uuenduslikele projektidele, mis soovivad s\u00e4ilitada klassikalise ja j\u00e4tkusuutliku viimistluse.<\/p>\n","protected":false},"excerpt":{"rendered":"<p>Perforeeritud tellis<\/p>\n","protected":false},"featured_media":275396,"template":"","meta":{"_acf_changed":false},"product_brand":[90],"product_cat":[552,584],"product_tag":[],"class_list":{"0":"post-275401","1":"product","2":"type-product","3":"status-publish","4":"has-post-thumbnail","6":"product_brand-lode","7":"product_cat-fassaadi-jaoks","8":"product_cat-loodud-tahvlid","10":"first","11":"instock","12":"taxable","13":"shipping-taxable","14":"purchasable","15":"product-type-simple"},"acf":[],"_links":{"self":[{"href":"https:\/\/lode.lv\/et\/wp-json\/wp\/v2\/product\/275401","targetHints":{"allow":["GET"]}}],"collection":[{"href":"https:\/\/lode.lv\/et\/wp-json\/wp\/v2\/product"}],"about":[{"href":"https:\/\/lode.lv\/et\/wp-json\/wp\/v2\/types\/product"}],"wp:featuredmedia":[{"embeddable":true,"href":"https:\/\/lode.lv\/et\/wp-json\/wp\/v2\/media\/275396"}],"wp:attachment":[{"href":"https:\/\/lode.lv\/et\/wp-json\/wp\/v2\/media?parent=275401"}],"wp:term":[{"taxonomy":"product_brand","embeddable":true,"href":"https:\/\/lode.lv\/et\/wp-json\/wp\/v2\/product_brand?post=275401"},{"taxonomy":"product_cat","embeddable":true,"href":"https:\/\/lode.lv\/et\/wp-json\/wp\/v2\/product_cat?post=275401"},{"taxonomy":"product_tag","embeddable":true,"href":"https:\/\/lode.lv\/et\/wp-json\/wp\/v2\/product_tag?post=275401"}],"curies":[{"name":"wp","href":"https:\/\/api.w.org\/{rel}","templated":true}]}}