{"id":275390,"date":"2025-04-16T10:17:01","date_gmt":"2025-04-16T10:17:01","guid":{"rendered":"https:\/\/lode.lv\/product\/sharp-oyster\/"},"modified":"2026-03-29T12:08:04","modified_gmt":"2026-03-29T12:08:04","slug":"sharp-oyster","status":"publish","type":"product","link":"https:\/\/lode.lv\/et\/shop\/fassaadi-jaoks\/loodud-tahvlid\/sharp-oyster\/","title":{"rendered":"As\u0101 Austra"},"content":{"rendered":"<p>AS\u0100 AUSTRA on perforeeritud viimistlustellis, millel on julge ja elav iseloom &#8211; selle pinnal p\u00f5imuvad kollased, rohelised ja roosad toonid, mis loovad ainulaadse ja selgesti eristuva visuaalse efekti. See vastupidav ja tekstuurse pinnaga tellis sobib nii kaasaegsete fassaadide kui ka sisekujunduse aktsentide jaoks, kus on oluline nii esteetiline kui ka tehniline funktsionaalsus.<\/p>\n","protected":false},"excerpt":{"rendered":"<p>Perforeeritud tellis<\/p>\n","protected":false},"featured_media":275381,"template":"","meta":{"_acf_changed":false},"product_brand":[90],"product_cat":[552,584],"product_tag":[],"class_list":{"0":"post-275390","1":"product","2":"type-product","3":"status-publish","4":"has-post-thumbnail","6":"product_brand-lode","7":"product_cat-fassaadi-jaoks","8":"product_cat-loodud-tahvlid","10":"first","11":"instock","12":"taxable","13":"shipping-taxable","14":"purchasable","15":"product-type-simple"},"acf":[],"_links":{"self":[{"href":"https:\/\/lode.lv\/et\/wp-json\/wp\/v2\/product\/275390","targetHints":{"allow":["GET"]}}],"collection":[{"href":"https:\/\/lode.lv\/et\/wp-json\/wp\/v2\/product"}],"about":[{"href":"https:\/\/lode.lv\/et\/wp-json\/wp\/v2\/types\/product"}],"wp:featuredmedia":[{"embeddable":true,"href":"https:\/\/lode.lv\/et\/wp-json\/wp\/v2\/media\/275381"}],"wp:attachment":[{"href":"https:\/\/lode.lv\/et\/wp-json\/wp\/v2\/media?parent=275390"}],"wp:term":[{"taxonomy":"product_brand","embeddable":true,"href":"https:\/\/lode.lv\/et\/wp-json\/wp\/v2\/product_brand?post=275390"},{"taxonomy":"product_cat","embeddable":true,"href":"https:\/\/lode.lv\/et\/wp-json\/wp\/v2\/product_cat?post=275390"},{"taxonomy":"product_tag","embeddable":true,"href":"https:\/\/lode.lv\/et\/wp-json\/wp\/v2\/product_tag?post=275390"}],"curies":[{"name":"wp","href":"https:\/\/api.w.org\/{rel}","templated":true}]}}