{"id":269895,"date":"2025-03-20T12:03:24","date_gmt":"2025-03-20T12:03:24","guid":{"rendered":"http:\/\/lode2025.local\/product\/amber\/"},"modified":"2026-02-28T09:54:59","modified_gmt":"2026-02-28T09:54:59","slug":"amber","status":"publish","type":"product","link":"https:\/\/lode.lv\/et\/shop\/brugesanai-et\/klinkerplaatimine\/amber\/","title":{"rendered":"AMBER 200&#215;100"},"content":{"rendered":"<p>Merevaiguv\u00e4rvi sillutis, mille on rikkalik ja soe toon lisab keskkonnale elegantsi ja rafineeritust. Sobib nii ajaloolistele kui ka kaasaegsetele aladele &#8211; k\u00f5nniteedele, tagahoovidesse, terrassidele ja sisses\u00f5iduteedele. Sillutis s\u00e4ilitab oma v\u00e4rvi ja vastupidavuse isegi mitu sajandit.<\/p>\n","protected":false},"excerpt":{"rendered":"<p>Klinkersillutis<\/p>\n","protected":false},"featured_media":273569,"template":"","meta":{"_acf_changed":false},"product_brand":[90],"product_cat":[522,1027,1059],"product_tag":[],"class_list":{"0":"post-269895","1":"product","2":"type-product","3":"status-publish","4":"has-post-thumbnail","6":"product_brand-lode","7":"product_cat-klinkerplaatimine","8":"product_cat-brugesanai-et","9":"product_cat-rudens2025","11":"first","12":"instock","13":"purchasable","14":"product-type-variable","15":"has-default-attributes"},"acf":[],"_links":{"self":[{"href":"https:\/\/lode.lv\/et\/wp-json\/wp\/v2\/product\/269895","targetHints":{"allow":["GET"]}}],"collection":[{"href":"https:\/\/lode.lv\/et\/wp-json\/wp\/v2\/product"}],"about":[{"href":"https:\/\/lode.lv\/et\/wp-json\/wp\/v2\/types\/product"}],"wp:featuredmedia":[{"embeddable":true,"href":"https:\/\/lode.lv\/et\/wp-json\/wp\/v2\/media\/273569"}],"wp:attachment":[{"href":"https:\/\/lode.lv\/et\/wp-json\/wp\/v2\/media?parent=269895"}],"wp:term":[{"taxonomy":"product_brand","embeddable":true,"href":"https:\/\/lode.lv\/et\/wp-json\/wp\/v2\/product_brand?post=269895"},{"taxonomy":"product_cat","embeddable":true,"href":"https:\/\/lode.lv\/et\/wp-json\/wp\/v2\/product_cat?post=269895"},{"taxonomy":"product_tag","embeddable":true,"href":"https:\/\/lode.lv\/et\/wp-json\/wp\/v2\/product_tag?post=269895"}],"curies":[{"name":"wp","href":"https:\/\/api.w.org\/{rel}","templated":true}]}}