{"id":269887,"date":"2025-03-20T12:03:24","date_gmt":"2025-03-20T12:03:24","guid":{"rendered":"http:\/\/lode2025.local\/product\/tybet-5\/"},"modified":"2025-09-11T05:16:00","modified_gmt":"2025-09-11T05:16:00","slug":"tybet-5","status":"publish","type":"product","link":"https:\/\/lode.lv\/et\/shop\/brugesanai-et\/klinkerplaatimine\/tybet-5\/","title":{"rendered":"TYBET"},"content":{"rendered":"<p>Skandinaavia halli elegantsi meenutav sillutis, mis tekitab seoseid halli vine, s\u00f6etahma ja s\u00fcgavate uduvineste ilmadega. \u00dcks viimaste aastate populaarseimaid sillutisi. Vastupidav ilmastikule, mehaanilisele koormusele ja keemilistele m\u00f5judele, tagades  p\u00f5lvest p\u00f5lve j\u00e4rjepideva kvaliteedi. S\u00f5ltuvalt sillutise paksusest sobib nii aiateede kui ka hoovide sisses\u00f5iduteede, parkimisalade ja tiheda liiklusega teede jaoks.<\/p>\n","protected":false},"excerpt":{"rendered":"<p>Klinkersillutis<\/p>\n","protected":false},"featured_media":273577,"template":"","meta":{"_acf_changed":false},"product_brand":[90],"product_cat":[522,1027,1059],"product_tag":[],"class_list":{"0":"post-269887","1":"product","2":"type-product","3":"status-publish","4":"has-post-thumbnail","6":"product_brand-lode","7":"product_cat-klinkerplaatimine","8":"product_cat-brugesanai-et","9":"product_cat-rudens2025","11":"first","12":"instock","13":"purchasable","14":"product-type-variable"},"acf":[],"_links":{"self":[{"href":"https:\/\/lode.lv\/et\/wp-json\/wp\/v2\/product\/269887","targetHints":{"allow":["GET"]}}],"collection":[{"href":"https:\/\/lode.lv\/et\/wp-json\/wp\/v2\/product"}],"about":[{"href":"https:\/\/lode.lv\/et\/wp-json\/wp\/v2\/types\/product"}],"wp:featuredmedia":[{"embeddable":true,"href":"https:\/\/lode.lv\/et\/wp-json\/wp\/v2\/media\/273577"}],"wp:attachment":[{"href":"https:\/\/lode.lv\/et\/wp-json\/wp\/v2\/media?parent=269887"}],"wp:term":[{"taxonomy":"product_brand","embeddable":true,"href":"https:\/\/lode.lv\/et\/wp-json\/wp\/v2\/product_brand?post=269887"},{"taxonomy":"product_cat","embeddable":true,"href":"https:\/\/lode.lv\/et\/wp-json\/wp\/v2\/product_cat?post=269887"},{"taxonomy":"product_tag","embeddable":true,"href":"https:\/\/lode.lv\/et\/wp-json\/wp\/v2\/product_tag?post=269887"}],"curies":[{"name":"wp","href":"https:\/\/api.w.org\/{rel}","templated":true}]}}