{"id":269881,"date":"2025-03-20T12:03:24","date_gmt":"2025-03-20T12:03:24","guid":{"rendered":"http:\/\/lode2025.local\/product\/gobi\/"},"modified":"2025-09-11T05:20:08","modified_gmt":"2025-09-11T05:20:08","slug":"gobi","status":"publish","type":"product","link":"https:\/\/lode.lv\/et\/shop\/brugesanai-et\/klinkerplaatimine\/gobi\/","title":{"rendered":"K\u00d5RB"},"content":{"rendered":"<p>Kollakaspruun klinkersillutis, mis annab k\u00f5nniteele harmoonilise ja esteetilise v\u00e4limuse. T\u00e4nu oma tihedale struktuurile ei ima sillutis niiskust ja on vastupidav \u00f5liplekkidele ning kodukeemiale, tagades t\u00e4iusliku v\u00e4limuse sajanditeks. Ideaalne aiateedele, hoovidesse ja elamualadele, kus on vaja vastupidavat, kergesti hooldatavat ja kauakestvat pinda.<\/p>\n","protected":false},"excerpt":{"rendered":"<p>Klinkersillutis<\/p>\n","protected":false},"featured_media":273585,"template":"","meta":{"_acf_changed":false},"product_brand":[90],"product_cat":[522,1027,1059],"product_tag":[],"class_list":{"0":"post-269881","1":"product","2":"type-product","3":"status-publish","4":"has-post-thumbnail","6":"product_brand-lode","7":"product_cat-klinkerplaatimine","8":"product_cat-brugesanai-et","9":"product_cat-rudens2025","11":"first","12":"instock","13":"purchasable","14":"product-type-variable"},"acf":[],"_links":{"self":[{"href":"https:\/\/lode.lv\/et\/wp-json\/wp\/v2\/product\/269881","targetHints":{"allow":["GET"]}}],"collection":[{"href":"https:\/\/lode.lv\/et\/wp-json\/wp\/v2\/product"}],"about":[{"href":"https:\/\/lode.lv\/et\/wp-json\/wp\/v2\/types\/product"}],"wp:featuredmedia":[{"embeddable":true,"href":"https:\/\/lode.lv\/et\/wp-json\/wp\/v2\/media\/273585"}],"wp:attachment":[{"href":"https:\/\/lode.lv\/et\/wp-json\/wp\/v2\/media?parent=269881"}],"wp:term":[{"taxonomy":"product_brand","embeddable":true,"href":"https:\/\/lode.lv\/et\/wp-json\/wp\/v2\/product_brand?post=269881"},{"taxonomy":"product_cat","embeddable":true,"href":"https:\/\/lode.lv\/et\/wp-json\/wp\/v2\/product_cat?post=269881"},{"taxonomy":"product_tag","embeddable":true,"href":"https:\/\/lode.lv\/et\/wp-json\/wp\/v2\/product_tag?post=269881"}],"curies":[{"name":"wp","href":"https:\/\/api.w.org\/{rel}","templated":true}]}}