{"id":269880,"date":"2025-03-20T12:03:24","date_gmt":"2025-03-20T12:03:24","guid":{"rendered":"http:\/\/lode2025.local\/product\/tybet-varjundid\/"},"modified":"2025-09-11T05:18:29","modified_gmt":"2025-09-11T05:18:29","slug":"tybet-varjundid","status":"publish","type":"product","link":"https:\/\/lode.lv\/et\/shop\/brugesanai-et\/klinkerplaatimine\/tybet-varjundid\/","title":{"rendered":"TYBET (SHADOW)"},"content":{"rendered":"<p>Hallikaspruunide toonidega klinkersillutis annab k\u00f5nniteele d\u00fcnaamilise v\u00e4limuse. V\u00e4rvide koosm\u00e4ng v\u00f5imaldab luua visuaalselt rikkalikke ja n\u00fcansirikkaid teekatteid. T\u00e4nu spetsiaalsele tootmistehnoloogiale s\u00e4ilib sillutise v\u00e4rv sajandeid stabiilsena, see ei tuhmu ega kaota oma intensiivsust isegi tugeva p\u00e4ikese, niiskuse ja temperatuurik\u00f5ikumiste korral. Sobiv sillutis jalgradadele ja kergliiklusteedele.<\/p>\n","protected":false},"excerpt":{"rendered":"<p>Klinkerplaadid<\/p>\n","protected":false},"featured_media":273581,"template":"","meta":{"_acf_changed":false},"product_brand":[90],"product_cat":[522,1027,1059],"product_tag":[],"class_list":{"0":"post-269880","1":"product","2":"type-product","3":"status-publish","4":"has-post-thumbnail","6":"product_brand-lode","7":"product_cat-klinkerplaatimine","8":"product_cat-brugesanai-et","9":"product_cat-rudens2025","11":"first","12":"instock","13":"purchasable","14":"product-type-variable"},"acf":[],"_links":{"self":[{"href":"https:\/\/lode.lv\/et\/wp-json\/wp\/v2\/product\/269880","targetHints":{"allow":["GET"]}}],"collection":[{"href":"https:\/\/lode.lv\/et\/wp-json\/wp\/v2\/product"}],"about":[{"href":"https:\/\/lode.lv\/et\/wp-json\/wp\/v2\/types\/product"}],"wp:featuredmedia":[{"embeddable":true,"href":"https:\/\/lode.lv\/et\/wp-json\/wp\/v2\/media\/273581"}],"wp:attachment":[{"href":"https:\/\/lode.lv\/et\/wp-json\/wp\/v2\/media?parent=269880"}],"wp:term":[{"taxonomy":"product_brand","embeddable":true,"href":"https:\/\/lode.lv\/et\/wp-json\/wp\/v2\/product_brand?post=269880"},{"taxonomy":"product_cat","embeddable":true,"href":"https:\/\/lode.lv\/et\/wp-json\/wp\/v2\/product_cat?post=269880"},{"taxonomy":"product_tag","embeddable":true,"href":"https:\/\/lode.lv\/et\/wp-json\/wp\/v2\/product_tag?post=269880"}],"curies":[{"name":"wp","href":"https:\/\/api.w.org\/{rel}","templated":true}]}}