{"id":269876,"date":"2025-03-20T12:03:53","date_gmt":"2025-03-20T12:03:53","guid":{"rendered":"http:\/\/lode2025.local\/product\/lava\/"},"modified":"2025-09-11T05:02:50","modified_gmt":"2025-09-11T05:02:50","slug":"lava","status":"publish","type":"product","link":"https:\/\/lode.lv\/et\/shop\/brugesanai-et\/klinkerplaatimine\/lava\/","title":{"rendered":"LAVA"},"content":{"rendered":"<p>Klinkerplaat eristub s\u00fcgava punase laigulise varjundiga, mis annab keskkonnale ainulaadse iseloomu. T\u00e4nu k\u00f5rgele mehaanilisele tugevusele ja v\u00e4hesele veeimavusele sobib klinkerplaat nii erahoovidesse kui ka jalak\u00e4ijate jaoks m\u00f5eldud avalikesse ja linnaruumidesse. Selle tihe struktuur muudab selle vastupidavaks \u00f5liplekkidele, hapetele ja kodukeemiale, tagades lihtsa hoolduse ning pikaealisuse. <\/p>\n","protected":false},"excerpt":{"rendered":"<p>Klinkersillutis<\/p>\n","protected":false},"featured_media":273601,"template":"","meta":{"_acf_changed":false},"product_brand":[90],"product_cat":[522,1027,1059],"product_tag":[],"class_list":{"0":"post-269876","1":"product","2":"type-product","3":"status-publish","4":"has-post-thumbnail","6":"product_brand-lode","7":"product_cat-klinkerplaatimine","8":"product_cat-brugesanai-et","9":"product_cat-rudens2025","11":"first","12":"instock","13":"purchasable","14":"product-type-variable"},"acf":[],"_links":{"self":[{"href":"https:\/\/lode.lv\/et\/wp-json\/wp\/v2\/product\/269876","targetHints":{"allow":["GET"]}}],"collection":[{"href":"https:\/\/lode.lv\/et\/wp-json\/wp\/v2\/product"}],"about":[{"href":"https:\/\/lode.lv\/et\/wp-json\/wp\/v2\/types\/product"}],"wp:featuredmedia":[{"embeddable":true,"href":"https:\/\/lode.lv\/et\/wp-json\/wp\/v2\/media\/273601"}],"wp:attachment":[{"href":"https:\/\/lode.lv\/et\/wp-json\/wp\/v2\/media?parent=269876"}],"wp:term":[{"taxonomy":"product_brand","embeddable":true,"href":"https:\/\/lode.lv\/et\/wp-json\/wp\/v2\/product_brand?post=269876"},{"taxonomy":"product_cat","embeddable":true,"href":"https:\/\/lode.lv\/et\/wp-json\/wp\/v2\/product_cat?post=269876"},{"taxonomy":"product_tag","embeddable":true,"href":"https:\/\/lode.lv\/et\/wp-json\/wp\/v2\/product_tag?post=269876"}],"curies":[{"name":"wp","href":"https:\/\/api.w.org\/{rel}","templated":true}]}}