{"id":269874,"date":"2025-03-20T12:03:53","date_gmt":"2025-03-20T12:03:53","guid":{"rendered":"http:\/\/lode2025.local\/product\/orion\/"},"modified":"2025-09-11T04:55:58","modified_gmt":"2025-09-11T04:55:58","slug":"orion","status":"publish","type":"product","link":"https:\/\/lode.lv\/et\/shop\/brugesanai-et\/klinkerplaatimine\/orion\/","title":{"rendered":"ORION"},"content":{"rendered":"<p>Tumepruunid kirjud rebestatud pinnaga klinkerplaadid. Selle n\u00fcansirohke toon annab alale kaasaegse ja elegantse ilme, muutes selle suurep\u00e4raseks valikuks nii modernses ja t\u00f6\u00f6stuslikus keskkonnas kui ka kaasaegsetes peremajades. Kiviplaat on kulumis- ja ilmastikukindel, tagades pikaajalise vastupidavuse ja visuaalse atraktiivsuse. Sobib terrassidele, aiaradadele, jalgradadele ja tagahoovide sisses\u00f5iduteedele.<\/p>\n","protected":false},"excerpt":{"rendered":"<p>Klinkerplaadid<\/p>\n","protected":false},"featured_media":273593,"template":"","meta":{"_acf_changed":false},"product_brand":[90],"product_cat":[522,1027,1059],"product_tag":[],"class_list":{"0":"post-269874","1":"product","2":"type-product","3":"status-publish","4":"has-post-thumbnail","6":"product_brand-lode","7":"product_cat-klinkerplaatimine","8":"product_cat-brugesanai-et","9":"product_cat-rudens2025","11":"first","12":"instock","13":"purchasable","14":"product-type-variable"},"acf":[],"_links":{"self":[{"href":"https:\/\/lode.lv\/et\/wp-json\/wp\/v2\/product\/269874","targetHints":{"allow":["GET"]}}],"collection":[{"href":"https:\/\/lode.lv\/et\/wp-json\/wp\/v2\/product"}],"about":[{"href":"https:\/\/lode.lv\/et\/wp-json\/wp\/v2\/types\/product"}],"wp:featuredmedia":[{"embeddable":true,"href":"https:\/\/lode.lv\/et\/wp-json\/wp\/v2\/media\/273593"}],"wp:attachment":[{"href":"https:\/\/lode.lv\/et\/wp-json\/wp\/v2\/media?parent=269874"}],"wp:term":[{"taxonomy":"product_brand","embeddable":true,"href":"https:\/\/lode.lv\/et\/wp-json\/wp\/v2\/product_brand?post=269874"},{"taxonomy":"product_cat","embeddable":true,"href":"https:\/\/lode.lv\/et\/wp-json\/wp\/v2\/product_cat?post=269874"},{"taxonomy":"product_tag","embeddable":true,"href":"https:\/\/lode.lv\/et\/wp-json\/wp\/v2\/product_tag?post=269874"}],"curies":[{"name":"wp","href":"https:\/\/api.w.org\/{rel}","templated":true}]}}