{"id":269867,"date":"2025-03-20T12:03:53","date_gmt":"2025-03-20T12:03:53","guid":{"rendered":"http:\/\/lode2025.local\/product\/etna-3\/"},"modified":"2025-09-11T05:04:38","modified_gmt":"2025-09-11T05:04:38","slug":"etna-3","status":"publish","type":"product","link":"https:\/\/lode.lv\/et\/shop\/brugesanai-et\/klinkerplaatimine\/etna-3\/","title":{"rendered":"ETNA"},"content":{"rendered":"<p>Tumepunakaspruun laiguline sillutis, mille \u00fchtlane toon lisab alale s\u00fcgavust ja elegantsi. Selle klassikaline v\u00e4rv sobib h\u00e4sti nii traditsioonilise kui ka kaasaegse arhitektuuriga. Sobib eriti suure mehaanilise koormusega aladele, tagades vastupidavuse ja pika kasutusea.<\/p>\n","protected":false},"excerpt":{"rendered":"<p>Klinkerplaadid<\/p>\n","protected":false},"featured_media":273609,"template":"","meta":{"_acf_changed":false},"product_brand":[90],"product_cat":[522,1027,1059],"product_tag":[],"class_list":{"0":"post-269867","1":"product","2":"type-product","3":"status-publish","4":"has-post-thumbnail","6":"product_brand-lode","7":"product_cat-klinkerplaatimine","8":"product_cat-brugesanai-et","9":"product_cat-rudens2025","11":"first","12":"instock","13":"purchasable","14":"product-type-variable"},"acf":[],"_links":{"self":[{"href":"https:\/\/lode.lv\/et\/wp-json\/wp\/v2\/product\/269867","targetHints":{"allow":["GET"]}}],"collection":[{"href":"https:\/\/lode.lv\/et\/wp-json\/wp\/v2\/product"}],"about":[{"href":"https:\/\/lode.lv\/et\/wp-json\/wp\/v2\/types\/product"}],"wp:featuredmedia":[{"embeddable":true,"href":"https:\/\/lode.lv\/et\/wp-json\/wp\/v2\/media\/273609"}],"wp:attachment":[{"href":"https:\/\/lode.lv\/et\/wp-json\/wp\/v2\/media?parent=269867"}],"wp:term":[{"taxonomy":"product_brand","embeddable":true,"href":"https:\/\/lode.lv\/et\/wp-json\/wp\/v2\/product_brand?post=269867"},{"taxonomy":"product_cat","embeddable":true,"href":"https:\/\/lode.lv\/et\/wp-json\/wp\/v2\/product_cat?post=269867"},{"taxonomy":"product_tag","embeddable":true,"href":"https:\/\/lode.lv\/et\/wp-json\/wp\/v2\/product_tag?post=269867"}],"curies":[{"name":"wp","href":"https:\/\/api.w.org\/{rel}","templated":true}]}}