{"id":269842,"date":"2025-03-24T03:45:00","date_gmt":"2025-03-24T03:45:00","guid":{"rendered":"http:\/\/lode2025.local\/product\/cameleo-4\/"},"modified":"2025-05-07T04:11:27","modified_gmt":"2025-05-07T04:11:27","slug":"cameleo-4","status":"publish","type":"product","link":"https:\/\/lode.lv\/et\/shop\/fassaadi-jaoks\/loodud-tahvlid\/cameleo-4\/","title":{"rendered":"CAMELEO"},"content":{"rendered":"<p>CAMELEO tellist iseloomustab eriline rikkalik soe maatoonide palett ja sile pind. Selle looduslikud v\u00e4rvi\u00fcleminekud annavad fassaadile ainulaadse, kuid loomuliku ilme, mis muutub vastavalt valguse ja varju m\u00e4ngule. Ideaalne nii kaasaegsetele kui ka traditsioonilistele arhitektuuristiilidele. CAMELEO tellis annab seintele erilise iseloomu ja loob sooja tunde.  <\/p>\n","protected":false},"excerpt":{"rendered":"<p>Perforeeritud tellis<\/p>\n","protected":false},"featured_media":272897,"template":"","meta":{"_acf_changed":false},"product_brand":[90],"product_cat":[584],"product_tag":[],"class_list":{"0":"post-269842","1":"product","2":"type-product","3":"status-publish","4":"has-post-thumbnail","6":"product_brand-lode","7":"product_cat-loodud-tahvlid","9":"first","10":"instock","11":"purchasable","12":"product-type-simple"},"acf":[],"_links":{"self":[{"href":"https:\/\/lode.lv\/et\/wp-json\/wp\/v2\/product\/269842","targetHints":{"allow":["GET"]}}],"collection":[{"href":"https:\/\/lode.lv\/et\/wp-json\/wp\/v2\/product"}],"about":[{"href":"https:\/\/lode.lv\/et\/wp-json\/wp\/v2\/types\/product"}],"wp:featuredmedia":[{"embeddable":true,"href":"https:\/\/lode.lv\/et\/wp-json\/wp\/v2\/media\/272897"}],"wp:attachment":[{"href":"https:\/\/lode.lv\/et\/wp-json\/wp\/v2\/media?parent=269842"}],"wp:term":[{"taxonomy":"product_brand","embeddable":true,"href":"https:\/\/lode.lv\/et\/wp-json\/wp\/v2\/product_brand?post=269842"},{"taxonomy":"product_cat","embeddable":true,"href":"https:\/\/lode.lv\/et\/wp-json\/wp\/v2\/product_cat?post=269842"},{"taxonomy":"product_tag","embeddable":true,"href":"https:\/\/lode.lv\/et\/wp-json\/wp\/v2\/product_tag?post=269842"}],"curies":[{"name":"wp","href":"https:\/\/api.w.org\/{rel}","templated":true}]}}