{"id":269828,"date":"2025-03-24T03:45:00","date_gmt":"2025-03-24T03:45:00","guid":{"rendered":"http:\/\/lode2025.local\/product\/etna-2\/"},"modified":"2025-05-07T04:11:26","modified_gmt":"2025-05-07T04:11:26","slug":"etna-2","status":"publish","type":"product","link":"https:\/\/lode.lv\/et\/shop\/fassaadi-jaoks\/loodud-tahvlid\/etna-2\/","title":{"rendered":"ETNA"},"content":{"rendered":"<p>ETNA kehastab rikkalikku s\u00fcgavat kastanpruuni ja lillat tooni, mis annab fassaadile tugeva ning eristuva visuaalse ilme, mida t\u00e4iendab tellise sile ja rahulik pind. Sobib neile, kes soovivad luua ainulaadse ja vastupidava fassaadi, mis s\u00e4ilitab oma atraktiivsuse ja vastupidavuse keskkonnam\u00f5judele aja jooksul. ETNA sobib ka ahjude ja korstnate viimistluseks, samuti saunade ja katuseelementide jaoks.<\/p>\n","protected":false},"excerpt":{"rendered":"<p>Perforeeritud tellis<\/p>\n","protected":false},"featured_media":272677,"template":"","meta":{"_acf_changed":false},"product_brand":[90],"product_cat":[584],"product_tag":[],"class_list":{"0":"post-269828","1":"product","2":"type-product","3":"status-publish","4":"has-post-thumbnail","6":"product_brand-lode","7":"product_cat-loodud-tahvlid","9":"first","10":"instock","11":"purchasable","12":"product-type-simple"},"acf":[],"_links":{"self":[{"href":"https:\/\/lode.lv\/et\/wp-json\/wp\/v2\/product\/269828","targetHints":{"allow":["GET"]}}],"collection":[{"href":"https:\/\/lode.lv\/et\/wp-json\/wp\/v2\/product"}],"about":[{"href":"https:\/\/lode.lv\/et\/wp-json\/wp\/v2\/types\/product"}],"wp:featuredmedia":[{"embeddable":true,"href":"https:\/\/lode.lv\/et\/wp-json\/wp\/v2\/media\/272677"}],"wp:attachment":[{"href":"https:\/\/lode.lv\/et\/wp-json\/wp\/v2\/media?parent=269828"}],"wp:term":[{"taxonomy":"product_brand","embeddable":true,"href":"https:\/\/lode.lv\/et\/wp-json\/wp\/v2\/product_brand?post=269828"},{"taxonomy":"product_cat","embeddable":true,"href":"https:\/\/lode.lv\/et\/wp-json\/wp\/v2\/product_cat?post=269828"},{"taxonomy":"product_tag","embeddable":true,"href":"https:\/\/lode.lv\/et\/wp-json\/wp\/v2\/product_tag?post=269828"}],"curies":[{"name":"wp","href":"https:\/\/api.w.org\/{rel}","templated":true}]}}