{"id":269819,"date":"2025-03-24T03:45:00","date_gmt":"2025-03-24T03:45:00","guid":{"rendered":"http:\/\/lode2025.local\/product\/galaxy-2\/"},"modified":"2025-05-07T04:11:25","modified_gmt":"2025-05-07T04:11:25","slug":"galaxy-2","status":"publish","type":"product","link":"https:\/\/lode.lv\/et\/shop\/fassaadi-jaoks\/loodud-tahvlid\/galaxy-2\/","title":{"rendered":"GALAXY"},"content":{"rendered":"<p>GALAXY eristub s\u00fcgavmusta v\u00e4rvuse ja sileda pinnaga, andes hoonele t\u00f6\u00f6stusliku ning kaasaegse ilme. Selle monoliitne struktuur loob minimalistliku ja visuaalselt puhta fassaadi, mis sobib suurep\u00e4raselt kokku kaasaegsete arhitektuurilahenduste ning materjalidega nagu metall ja klaas. See tellis lisab hoonele elegantsuse ja visuaalse s\u00fcgavuse, tagades samas vastupidavuse ja pikaealisuse.<\/p>\n","protected":false},"excerpt":{"rendered":"<p>Perforeeritud tellis<\/p>\n","protected":false},"featured_media":273729,"template":"","meta":{"_acf_changed":false},"product_brand":[90],"product_cat":[584],"product_tag":[],"class_list":{"0":"post-269819","1":"product","2":"type-product","3":"status-publish","4":"has-post-thumbnail","6":"product_brand-lode","7":"product_cat-loodud-tahvlid","9":"first","10":"instock","11":"purchasable","12":"product-type-simple"},"acf":[],"_links":{"self":[{"href":"https:\/\/lode.lv\/et\/wp-json\/wp\/v2\/product\/269819","targetHints":{"allow":["GET"]}}],"collection":[{"href":"https:\/\/lode.lv\/et\/wp-json\/wp\/v2\/product"}],"about":[{"href":"https:\/\/lode.lv\/et\/wp-json\/wp\/v2\/types\/product"}],"wp:featuredmedia":[{"embeddable":true,"href":"https:\/\/lode.lv\/et\/wp-json\/wp\/v2\/media\/273729"}],"wp:attachment":[{"href":"https:\/\/lode.lv\/et\/wp-json\/wp\/v2\/media?parent=269819"}],"wp:term":[{"taxonomy":"product_brand","embeddable":true,"href":"https:\/\/lode.lv\/et\/wp-json\/wp\/v2\/product_brand?post=269819"},{"taxonomy":"product_cat","embeddable":true,"href":"https:\/\/lode.lv\/et\/wp-json\/wp\/v2\/product_cat?post=269819"},{"taxonomy":"product_tag","embeddable":true,"href":"https:\/\/lode.lv\/et\/wp-json\/wp\/v2\/product_tag?post=269819"}],"curies":[{"name":"wp","href":"https:\/\/api.w.org\/{rel}","templated":true}]}}