{"id":269816,"date":"2025-03-24T03:45:09","date_gmt":"2025-03-24T03:45:09","guid":{"rendered":"http:\/\/lode2025.local\/product\/krypton-2\/"},"modified":"2025-05-07T04:11:24","modified_gmt":"2025-05-07T04:11:24","slug":"krypton-2","status":"publish","type":"product","link":"https:\/\/lode.lv\/et\/shop\/fassaadi-jaoks\/loodud-tahvlid\/krypton-2\/","title":{"rendered":"KRYPTON"},"content":{"rendered":"<p>KRYPTON on rikkaliku musta v\u00e4rvitooni ja sileda pinnaga julge tellis. See annab fassaadile veenva, monoliitse ja t\u00f6\u00f6stusliku iseloomu. Ideaalne kaasaegsete ja t\u00f6\u00f6stuslike projektide jaoks, r\u00f5hutab tellis hoone arhitektuurseid jooni ning annab neile ainulaadse visuaalse s\u00fcgavuse.<\/p>\n","protected":false},"excerpt":{"rendered":"<p>Perforeeritud tellis<\/p>\n","protected":false},"featured_media":272885,"template":"","meta":{"_acf_changed":false},"product_brand":[90],"product_cat":[584],"product_tag":[],"class_list":{"0":"post-269816","1":"product","2":"type-product","3":"status-publish","4":"has-post-thumbnail","6":"product_brand-lode","7":"product_cat-loodud-tahvlid","9":"first","10":"instock","11":"purchasable","12":"product-type-variable"},"acf":[],"_links":{"self":[{"href":"https:\/\/lode.lv\/et\/wp-json\/wp\/v2\/product\/269816","targetHints":{"allow":["GET"]}}],"collection":[{"href":"https:\/\/lode.lv\/et\/wp-json\/wp\/v2\/product"}],"about":[{"href":"https:\/\/lode.lv\/et\/wp-json\/wp\/v2\/types\/product"}],"wp:featuredmedia":[{"embeddable":true,"href":"https:\/\/lode.lv\/et\/wp-json\/wp\/v2\/media\/272885"}],"wp:attachment":[{"href":"https:\/\/lode.lv\/et\/wp-json\/wp\/v2\/media?parent=269816"}],"wp:term":[{"taxonomy":"product_brand","embeddable":true,"href":"https:\/\/lode.lv\/et\/wp-json\/wp\/v2\/product_brand?post=269816"},{"taxonomy":"product_cat","embeddable":true,"href":"https:\/\/lode.lv\/et\/wp-json\/wp\/v2\/product_cat?post=269816"},{"taxonomy":"product_tag","embeddable":true,"href":"https:\/\/lode.lv\/et\/wp-json\/wp\/v2\/product_tag?post=269816"}],"curies":[{"name":"wp","href":"https:\/\/api.w.org\/{rel}","templated":true}]}}