{"id":269781,"date":"2025-03-24T03:45:09","date_gmt":"2025-03-24T03:45:09","guid":{"rendered":"http:\/\/lode2025.local\/product\/saturn-wf\/"},"modified":"2026-03-29T12:09:57","modified_gmt":"2026-03-29T12:09:57","slug":"saturn-wf","status":"publish","type":"product","link":"https:\/\/lode.lv\/et\/shop\/fassaadi-jaoks\/loodud-tahvlid\/saturn-wf\/","title":{"rendered":"SATURN NOVO"},"content":{"rendered":"<p>SATURN NOVO viimistlustellis avaldab muljet oma ainulaadse tekstuuriga &#8211; puukoore reljeefi meenutavad vertikaalsed triibud ja karedus. Looduslik hall toon ja ebat\u00fc\u00fcpiline pind lisavad hoonele iseloomu ja visuaalset s\u00fcgavust, muutes selle eriti sobivaks arhitektuurile, kus otsitakse harmoonilist tasakaalu loodusest inspireeritud esteetika ning kaasaegse disaini vahel. SATURN NOVO on vastupidav ja visuaalselt muljetavaldav lahendus nii linnakeskkondadesse kui ka rahulikumatesse maastikuprojektidesse.<\/p>\n","protected":false},"excerpt":{"rendered":"<p>Perforeeritud tellis<\/p>\n","protected":false},"featured_media":272841,"template":"","meta":{"_acf_changed":false},"product_brand":[90],"product_cat":[584],"product_tag":[],"class_list":{"0":"post-269781","1":"product","2":"type-product","3":"status-publish","4":"has-post-thumbnail","6":"product_brand-lode","7":"product_cat-loodud-tahvlid","9":"first","10":"instock","11":"purchasable","12":"product-type-simple"},"acf":[],"_links":{"self":[{"href":"https:\/\/lode.lv\/et\/wp-json\/wp\/v2\/product\/269781","targetHints":{"allow":["GET"]}}],"collection":[{"href":"https:\/\/lode.lv\/et\/wp-json\/wp\/v2\/product"}],"about":[{"href":"https:\/\/lode.lv\/et\/wp-json\/wp\/v2\/types\/product"}],"wp:featuredmedia":[{"embeddable":true,"href":"https:\/\/lode.lv\/et\/wp-json\/wp\/v2\/media\/272841"}],"wp:attachment":[{"href":"https:\/\/lode.lv\/et\/wp-json\/wp\/v2\/media?parent=269781"}],"wp:term":[{"taxonomy":"product_brand","embeddable":true,"href":"https:\/\/lode.lv\/et\/wp-json\/wp\/v2\/product_brand?post=269781"},{"taxonomy":"product_cat","embeddable":true,"href":"https:\/\/lode.lv\/et\/wp-json\/wp\/v2\/product_cat?post=269781"},{"taxonomy":"product_tag","embeddable":true,"href":"https:\/\/lode.lv\/et\/wp-json\/wp\/v2\/product_tag?post=269781"}],"curies":[{"name":"wp","href":"https:\/\/api.w.org\/{rel}","templated":true}]}}