{"id":269774,"date":"2025-03-24T03:45:09","date_gmt":"2025-03-24T03:45:09","guid":{"rendered":"http:\/\/lode2025.local\/product\/skarbais-janka-2\/"},"modified":"2025-05-07T04:11:21","modified_gmt":"2025-05-07T04:11:21","slug":"skarbais-janka-2","status":"publish","type":"product","link":"https:\/\/lode.lv\/et\/shop\/fassaadi-jaoks\/loodud-tahvlid\/skarbais-janka-2\/","title":{"rendered":"SKARBAIS JANKA"},"content":{"rendered":"<p>Tellis eristub oma erilise reljeefiga, mis annab fassaadidele silmatorkava ilme. Selle tekstuur ja s\u00fcgavpunane v\u00e4rv loovad ainulaadse visuaalse efekti, mis sulandub harmooniliselt nii klassikalisse-ajaloolisse kui ka t\u00f6\u00f6stuslik-kujundlikku linnakeskkonda. SKARBAIS JANKA sobib eriti h\u00e4sti hoonetele, kus on vaja r\u00f5hutada arhitektuurilisi detaile ja luua j\u00e4tkusuutlik esteetiline fassaad.<\/p>\n","protected":false},"excerpt":{"rendered":"<p>Perforeeritud tellis<\/p>\n","protected":false},"featured_media":272725,"template":"","meta":{"_acf_changed":false},"product_brand":[90],"product_cat":[584],"product_tag":[],"class_list":{"0":"post-269774","1":"product","2":"type-product","3":"status-publish","4":"has-post-thumbnail","6":"product_brand-lode","7":"product_cat-loodud-tahvlid","9":"first","10":"instock","11":"purchasable","12":"product-type-simple"},"acf":[],"_links":{"self":[{"href":"https:\/\/lode.lv\/et\/wp-json\/wp\/v2\/product\/269774","targetHints":{"allow":["GET"]}}],"collection":[{"href":"https:\/\/lode.lv\/et\/wp-json\/wp\/v2\/product"}],"about":[{"href":"https:\/\/lode.lv\/et\/wp-json\/wp\/v2\/types\/product"}],"wp:featuredmedia":[{"embeddable":true,"href":"https:\/\/lode.lv\/et\/wp-json\/wp\/v2\/media\/272725"}],"wp:attachment":[{"href":"https:\/\/lode.lv\/et\/wp-json\/wp\/v2\/media?parent=269774"}],"wp:term":[{"taxonomy":"product_brand","embeddable":true,"href":"https:\/\/lode.lv\/et\/wp-json\/wp\/v2\/product_brand?post=269774"},{"taxonomy":"product_cat","embeddable":true,"href":"https:\/\/lode.lv\/et\/wp-json\/wp\/v2\/product_cat?post=269774"},{"taxonomy":"product_tag","embeddable":true,"href":"https:\/\/lode.lv\/et\/wp-json\/wp\/v2\/product_tag?post=269774"}],"curies":[{"name":"wp","href":"https:\/\/api.w.org\/{rel}","templated":true}]}}