{"id":269767,"date":"2025-03-24T03:45:15","date_gmt":"2025-03-24T03:45:15","guid":{"rendered":"http:\/\/lode2025.local\/product\/sotis-retro\/"},"modified":"2025-05-07T04:11:21","modified_gmt":"2025-05-07T04:11:21","slug":"sotis-retro","status":"publish","type":"product","link":"https:\/\/lode.lv\/et\/shop\/fassaadi-jaoks\/loodud-tahvlid\/sotis-retro\/","title":{"rendered":"SOTIS RETRO"},"content":{"rendered":"<p>SOTIS RETRO on peene hallikassinise tooniga, mis annab fassaadile unikaalse ja elegantse v\u00e4limuse. Selle retroh\u00f5nguline lainjas pind lisab d\u00fcnaamilisust ja elavust. Ideaalne valik fassaadidele ja interj\u00f6\u00f6ridele, mis vajavad ebatavalist ning visuaalselt tasakaalustatud aktsenti. Edukas ja kauakestev aktsent nii fassaadidele kui ka interj\u00f6\u00f6ridele.<\/p>\n","protected":false},"excerpt":{"rendered":"<p>Perforeeritud tellis<\/p>\n","protected":false},"featured_media":272881,"template":"","meta":{"_acf_changed":false},"product_brand":[90],"product_cat":[584],"product_tag":[],"class_list":{"0":"post-269767","1":"product","2":"type-product","3":"status-publish","4":"has-post-thumbnail","6":"product_brand-lode","7":"product_cat-loodud-tahvlid","9":"first","10":"instock","11":"purchasable","12":"product-type-simple"},"acf":[],"_links":{"self":[{"href":"https:\/\/lode.lv\/et\/wp-json\/wp\/v2\/product\/269767","targetHints":{"allow":["GET"]}}],"collection":[{"href":"https:\/\/lode.lv\/et\/wp-json\/wp\/v2\/product"}],"about":[{"href":"https:\/\/lode.lv\/et\/wp-json\/wp\/v2\/types\/product"}],"wp:featuredmedia":[{"embeddable":true,"href":"https:\/\/lode.lv\/et\/wp-json\/wp\/v2\/media\/272881"}],"wp:attachment":[{"href":"https:\/\/lode.lv\/et\/wp-json\/wp\/v2\/media?parent=269767"}],"wp:term":[{"taxonomy":"product_brand","embeddable":true,"href":"https:\/\/lode.lv\/et\/wp-json\/wp\/v2\/product_brand?post=269767"},{"taxonomy":"product_cat","embeddable":true,"href":"https:\/\/lode.lv\/et\/wp-json\/wp\/v2\/product_cat?post=269767"},{"taxonomy":"product_tag","embeddable":true,"href":"https:\/\/lode.lv\/et\/wp-json\/wp\/v2\/product_tag?post=269767"}],"curies":[{"name":"wp","href":"https:\/\/api.w.org\/{rel}","templated":true}]}}