{"id":269762,"date":"2025-03-24T03:45:15","date_gmt":"2025-03-24T03:45:15","guid":{"rendered":"http:\/\/lode2025.local\/product\/tybet-4\/"},"modified":"2025-05-07T04:11:21","modified_gmt":"2025-05-07T04:11:21","slug":"tybet-4","status":"publish","type":"product","link":"https:\/\/lode.lv\/et\/shop\/fassaadi-jaoks\/loodud-tahvlid\/tybet-4\/","title":{"rendered":"TYBET"},"content":{"rendered":"<p>TYBETit iseloomustab s\u00fcgavhall toon ja sile pind, mis annavad fassaadidele skandinaavia disainile nii iseloomuliku elegantsi. Tellise sile tekstuur ja vastupidav v\u00e4rv teevad sellest \u00f5ige valiku nii t\u00f6\u00f6stuslikele kui ka looduslikele talumajadele, luues stabiilse ja esteetiliselt k\u00f6itva fassaadi.<\/p>\n","protected":false},"excerpt":{"rendered":"<p>Perforeeritud tellis<\/p>\n","protected":false},"featured_media":272921,"template":"","meta":{"_acf_changed":false},"product_brand":[90],"product_cat":[584],"product_tag":[],"class_list":{"0":"post-269762","1":"product","2":"type-product","3":"status-publish","4":"has-post-thumbnail","6":"product_brand-lode","7":"product_cat-loodud-tahvlid","9":"first","10":"instock","11":"purchasable","12":"product-type-simple"},"acf":[],"_links":{"self":[{"href":"https:\/\/lode.lv\/et\/wp-json\/wp\/v2\/product\/269762","targetHints":{"allow":["GET"]}}],"collection":[{"href":"https:\/\/lode.lv\/et\/wp-json\/wp\/v2\/product"}],"about":[{"href":"https:\/\/lode.lv\/et\/wp-json\/wp\/v2\/types\/product"}],"wp:featuredmedia":[{"embeddable":true,"href":"https:\/\/lode.lv\/et\/wp-json\/wp\/v2\/media\/272921"}],"wp:attachment":[{"href":"https:\/\/lode.lv\/et\/wp-json\/wp\/v2\/media?parent=269762"}],"wp:term":[{"taxonomy":"product_brand","embeddable":true,"href":"https:\/\/lode.lv\/et\/wp-json\/wp\/v2\/product_brand?post=269762"},{"taxonomy":"product_cat","embeddable":true,"href":"https:\/\/lode.lv\/et\/wp-json\/wp\/v2\/product_cat?post=269762"},{"taxonomy":"product_tag","embeddable":true,"href":"https:\/\/lode.lv\/et\/wp-json\/wp\/v2\/product_tag?post=269762"}],"curies":[{"name":"wp","href":"https:\/\/api.w.org\/{rel}","templated":true}]}}