{"id":269740,"date":"2026-01-01T03:46:41","date_gmt":"2026-01-01T03:46:41","guid":{"rendered":"http:\/\/lode2025.local\/product\/antica\/"},"modified":"2026-03-29T12:06:33","modified_gmt":"2026-03-29T12:06:33","slug":"antica","status":"publish","type":"product","link":"https:\/\/lode.lv\/et\/shop\/fassaadi-jaoks\/loodud-tahvlid\/antica\/","title":{"rendered":"ANTIKA"},"content":{"rendered":"<p>Kivi on sooja punakaspruuni v\u00e4rvi ja hoolikalt kujundatud tekstuuriga, mis loob puhta ja ajah\u00f5ngulise efekti. Selle loomulik v\u00e4rvivariatsioon ja veidi kulunud v\u00e4limus annavad hoonele romantilise ning nostalgilise ilme. Ideaalne ajalooliste hoonete restaureerimiseks v\u00f5i projektidele, mis soovivad kombineerida antiikaja v\u00f5lu ja kaasaegse arhitektuuri iseloomu.<\/p>\n","protected":false},"excerpt":{"rendered":"<p>Perforeeritud tellis<\/p>\n","protected":false},"featured_media":273902,"template":"","meta":{"_acf_changed":false},"product_brand":[103],"product_cat":[584],"product_tag":[],"class_list":{"0":"post-269740","1":"product","2":"type-product","3":"status-publish","4":"has-post-thumbnail","6":"product_brand-patoka","7":"product_cat-loodud-tahvlid","9":"first","10":"instock","11":"purchasable","12":"product-type-simple"},"acf":[],"_links":{"self":[{"href":"https:\/\/lode.lv\/et\/wp-json\/wp\/v2\/product\/269740","targetHints":{"allow":["GET"]}}],"collection":[{"href":"https:\/\/lode.lv\/et\/wp-json\/wp\/v2\/product"}],"about":[{"href":"https:\/\/lode.lv\/et\/wp-json\/wp\/v2\/types\/product"}],"wp:featuredmedia":[{"embeddable":true,"href":"https:\/\/lode.lv\/et\/wp-json\/wp\/v2\/media\/273902"}],"wp:attachment":[{"href":"https:\/\/lode.lv\/et\/wp-json\/wp\/v2\/media?parent=269740"}],"wp:term":[{"taxonomy":"product_brand","embeddable":true,"href":"https:\/\/lode.lv\/et\/wp-json\/wp\/v2\/product_brand?post=269740"},{"taxonomy":"product_cat","embeddable":true,"href":"https:\/\/lode.lv\/et\/wp-json\/wp\/v2\/product_cat?post=269740"},{"taxonomy":"product_tag","embeddable":true,"href":"https:\/\/lode.lv\/et\/wp-json\/wp\/v2\/product_tag?post=269740"}],"curies":[{"name":"wp","href":"https:\/\/api.w.org\/{rel}","templated":true}]}}