{"id":269735,"date":"2026-01-01T03:46:41","date_gmt":"2026-01-01T03:46:41","guid":{"rendered":"http:\/\/lode2025.local\/product\/gotika\/"},"modified":"2025-05-07T04:11:18","modified_gmt":"2025-05-07T04:11:18","slug":"gotika","status":"publish","type":"product","link":"https:\/\/lode.lv\/et\/shop\/fassaadi-jaoks\/loodud-tahvlid\/gotika\/","title":{"rendered":"GOTIKA"},"content":{"rendered":"<p>GOTIKA on tugeva reljeefiga intensiivne s\u00fcgavpunase v\u00e4rvusega, mis annab fassaadile dramaatilise, kuid elegantse iseloomu. T\u00e4nu oma vastupidavale pinnale sobib see tellis arhitektuuriprojektidesse, mis soovivad esile tuua fassaadi unikaalsust ja s\u00fcgavust. GOTIKA aitab luua tugeva ja autentse visuaalse efekti.<\/p>\n","protected":false},"excerpt":{"rendered":"<p>Perforeeritud tellis<\/p>\n","protected":false},"featured_media":273897,"template":"","meta":{"_acf_changed":false},"product_brand":[103],"product_cat":[584],"product_tag":[],"class_list":{"0":"post-269735","1":"product","2":"type-product","3":"status-publish","4":"has-post-thumbnail","6":"product_brand-patoka","7":"product_cat-loodud-tahvlid","9":"first","10":"instock","11":"purchasable","12":"product-type-simple"},"acf":[],"_links":{"self":[{"href":"https:\/\/lode.lv\/et\/wp-json\/wp\/v2\/product\/269735","targetHints":{"allow":["GET"]}}],"collection":[{"href":"https:\/\/lode.lv\/et\/wp-json\/wp\/v2\/product"}],"about":[{"href":"https:\/\/lode.lv\/et\/wp-json\/wp\/v2\/types\/product"}],"wp:featuredmedia":[{"embeddable":true,"href":"https:\/\/lode.lv\/et\/wp-json\/wp\/v2\/media\/273897"}],"wp:attachment":[{"href":"https:\/\/lode.lv\/et\/wp-json\/wp\/v2\/media?parent=269735"}],"wp:term":[{"taxonomy":"product_brand","embeddable":true,"href":"https:\/\/lode.lv\/et\/wp-json\/wp\/v2\/product_brand?post=269735"},{"taxonomy":"product_cat","embeddable":true,"href":"https:\/\/lode.lv\/et\/wp-json\/wp\/v2\/product_cat?post=269735"},{"taxonomy":"product_tag","embeddable":true,"href":"https:\/\/lode.lv\/et\/wp-json\/wp\/v2\/product_tag?post=269735"}],"curies":[{"name":"wp","href":"https:\/\/api.w.org\/{rel}","templated":true}]}}