{"id":269734,"date":"2025-03-24T03:46:41","date_gmt":"2025-03-24T03:46:41","guid":{"rendered":"http:\/\/lode2025.local\/product\/klassiline-4\/"},"modified":"2025-05-07T04:11:19","modified_gmt":"2025-05-07T04:11:19","slug":"klassiline-4","status":"publish","type":"product","link":"https:\/\/lode.lv\/et\/shop\/fassaadi-jaoks\/loodud-tahvlid\/klassiline-4\/","title":{"rendered":"CLASSIC"},"content":{"rendered":"<p>CLASSICut iseloomustab s\u00fcgav punakaspruun toon, l\u00f5hestatud servad ja peened tekstuursed n\u00fcansid, mis annavad hoonele ehtsa iseloomu. Tellis sobib suurep\u00e4raselt ajalooliste hoonete renoveerimiseks, klassikalise tunnetusega uute hoonete fassaadide ja interj\u00f6\u00f6ride kujundamiseks. Selle tugev konstruktsioon ja vastupidavus keskkonnam\u00f5judele tagavad pikaealisuse ning k\u00f5rge kvaliteedi p\u00f5lvkonnast p\u00f5lvkond.<\/p>\n","protected":false},"excerpt":{"rendered":"<p>Perforeeritud tellis<\/p>\n","protected":false},"featured_media":273892,"template":"","meta":{"_acf_changed":false},"product_brand":[103],"product_cat":[584],"product_tag":[],"class_list":{"0":"post-269734","1":"product","2":"type-product","3":"status-publish","4":"has-post-thumbnail","6":"product_brand-patoka","7":"product_cat-loodud-tahvlid","9":"first","10":"instock","11":"purchasable","12":"product-type-simple"},"acf":[],"_links":{"self":[{"href":"https:\/\/lode.lv\/et\/wp-json\/wp\/v2\/product\/269734","targetHints":{"allow":["GET"]}}],"collection":[{"href":"https:\/\/lode.lv\/et\/wp-json\/wp\/v2\/product"}],"about":[{"href":"https:\/\/lode.lv\/et\/wp-json\/wp\/v2\/types\/product"}],"wp:featuredmedia":[{"embeddable":true,"href":"https:\/\/lode.lv\/et\/wp-json\/wp\/v2\/media\/273892"}],"wp:attachment":[{"href":"https:\/\/lode.lv\/et\/wp-json\/wp\/v2\/media?parent=269734"}],"wp:term":[{"taxonomy":"product_brand","embeddable":true,"href":"https:\/\/lode.lv\/et\/wp-json\/wp\/v2\/product_brand?post=269734"},{"taxonomy":"product_cat","embeddable":true,"href":"https:\/\/lode.lv\/et\/wp-json\/wp\/v2\/product_cat?post=269734"},{"taxonomy":"product_tag","embeddable":true,"href":"https:\/\/lode.lv\/et\/wp-json\/wp\/v2\/product_tag?post=269734"}],"curies":[{"name":"wp","href":"https:\/\/api.w.org\/{rel}","templated":true}]}}