{"id":269715,"date":"2025-03-16T21:56:48","date_gmt":"2025-03-16T21:56:48","guid":{"rendered":"http:\/\/lode2025.local\/product\/krypton\/"},"modified":"2025-08-14T12:33:36","modified_gmt":"2025-08-14T12:33:36","slug":"krypton","status":"publish","type":"product","link":"https:\/\/lode.lv\/et\/shop\/fassaadi-jaoks\/taielikud-tellised\/krypton\/","title":{"rendered":"KRPTOON"},"content":{"rendered":"<p>KRYPTONi eristab julge k\u00fcllastunud must toon ja sile pind, mis annab fassaadile t\u00f6\u00f6stusliku ja v\u00e4ljendusrikka iseloomu. Ideaalne kaasaegsetele arhitektuuriprojektidele, mis vajavad tugevat ja selget disainielementi. KRYPTON sobib ka ahjude ja korstnate viimistluseks, samuti saunade ja katuseelementide jaoks.<\/p>\n","protected":false},"excerpt":{"rendered":"<p>T\u00e4istellis<\/p>\n","protected":false},"featured_media":272825,"template":"","meta":{"_acf_changed":false},"product_brand":[90],"product_cat":[467,468],"product_tag":[],"class_list":{"0":"post-269715","1":"product","2":"type-product","3":"status-publish","4":"has-post-thumbnail","6":"product_brand-lode","7":"product_cat-suitsutorude-ahjude-jaoks","8":"product_cat-taielikud-tellised","10":"first","11":"instock","12":"purchasable","13":"product-type-simple"},"acf":[],"_links":{"self":[{"href":"https:\/\/lode.lv\/et\/wp-json\/wp\/v2\/product\/269715","targetHints":{"allow":["GET"]}}],"collection":[{"href":"https:\/\/lode.lv\/et\/wp-json\/wp\/v2\/product"}],"about":[{"href":"https:\/\/lode.lv\/et\/wp-json\/wp\/v2\/types\/product"}],"wp:featuredmedia":[{"embeddable":true,"href":"https:\/\/lode.lv\/et\/wp-json\/wp\/v2\/media\/272825"}],"wp:attachment":[{"href":"https:\/\/lode.lv\/et\/wp-json\/wp\/v2\/media?parent=269715"}],"wp:term":[{"taxonomy":"product_brand","embeddable":true,"href":"https:\/\/lode.lv\/et\/wp-json\/wp\/v2\/product_brand?post=269715"},{"taxonomy":"product_cat","embeddable":true,"href":"https:\/\/lode.lv\/et\/wp-json\/wp\/v2\/product_cat?post=269715"},{"taxonomy":"product_tag","embeddable":true,"href":"https:\/\/lode.lv\/et\/wp-json\/wp\/v2\/product_tag?post=269715"}],"curies":[{"name":"wp","href":"https:\/\/api.w.org\/{rel}","templated":true}]}}