{"id":269693,"date":"2025-03-16T21:59:48","date_gmt":"2025-03-16T21:59:48","guid":{"rendered":"http:\/\/lode2025.local\/product\/sencis-kasitsi-valmistatud\/"},"modified":"2025-08-14T12:33:33","modified_gmt":"2025-08-14T12:33:33","slug":"sencis-kasitsi-valmistatud","status":"publish","type":"product","link":"https:\/\/lode.lv\/et\/shop\/fassaadi-jaoks\/taielikud-tellised\/sencis-kasitsi-valmistatud\/","title":{"rendered":"SENCIS"},"content":{"rendered":"<p>T\u00e4ispunane viimistlustellis, millel on looduslik ja eba\u00fchtlase tekstuuriga pind, on valmistatud k\u00e4sit\u00f6\u00f6na traditsiooniliste meetoditega. T\u00e4nu oma autentsele v\u00e4ljan\u00e4gemisele ja vastupidavusele kasutatakse seda tellist k\u00f5ige sagedamini ajalooliste hoonete, nagu lossid, kloostrid, sillad ja muud kultuurip\u00e4randi objektid, restaureerimisel. SENCIS annab fassaadidele mitte ainult esteetilise ja korrastatud v\u00e4limuse, vaid tagab ka pikaealisuse ilma t\u00e4iendava t\u00f6\u00f6tlemise v\u00f5i renoveerimise vajaduseta.<\/p>\n","protected":false},"excerpt":{"rendered":"<p>T\u00e4istellis<\/p>\n","protected":false},"featured_media":271061,"template":"","meta":{"_acf_changed":false},"product_brand":[90],"product_cat":[468],"product_tag":[],"class_list":{"0":"post-269693","1":"product","2":"type-product","3":"status-publish","4":"has-post-thumbnail","6":"product_brand-lode","7":"product_cat-taielikud-tellised","9":"first","10":"instock","11":"purchasable","12":"product-type-variable","13":"has-default-attributes"},"acf":[],"_links":{"self":[{"href":"https:\/\/lode.lv\/et\/wp-json\/wp\/v2\/product\/269693","targetHints":{"allow":["GET"]}}],"collection":[{"href":"https:\/\/lode.lv\/et\/wp-json\/wp\/v2\/product"}],"about":[{"href":"https:\/\/lode.lv\/et\/wp-json\/wp\/v2\/types\/product"}],"wp:featuredmedia":[{"embeddable":true,"href":"https:\/\/lode.lv\/et\/wp-json\/wp\/v2\/media\/271061"}],"wp:attachment":[{"href":"https:\/\/lode.lv\/et\/wp-json\/wp\/v2\/media?parent=269693"}],"wp:term":[{"taxonomy":"product_brand","embeddable":true,"href":"https:\/\/lode.lv\/et\/wp-json\/wp\/v2\/product_brand?post=269693"},{"taxonomy":"product_cat","embeddable":true,"href":"https:\/\/lode.lv\/et\/wp-json\/wp\/v2\/product_cat?post=269693"},{"taxonomy":"product_tag","embeddable":true,"href":"https:\/\/lode.lv\/et\/wp-json\/wp\/v2\/product_tag?post=269693"}],"curies":[{"name":"wp","href":"https:\/\/api.w.org\/{rel}","templated":true}]}}