{"id":269688,"date":"2025-03-16T21:59:48","date_gmt":"2025-03-16T21:59:48","guid":{"rendered":"http:\/\/lode2025.local\/product\/skarbais-janka\/"},"modified":"2025-08-14T12:33:33","modified_gmt":"2025-08-14T12:33:33","slug":"skarbais-janka","status":"publish","type":"product","link":"https:\/\/lode.lv\/et\/shop\/fassaadi-jaoks\/taielikud-tellised\/skarbais-janka\/","title":{"rendered":"SKARBAIS JANKA"},"content":{"rendered":"<p>Tellis omab erilist reljeefi, mis annab fassaadidele v\u00e4ljendusrikkust. Selle tekstuur ja rikkalik punane v\u00e4rvus loovad ainulaadse visuaalse efekti, mis sulandub sujuvalt nii klassikalis-ajaloolise kui ka t\u00f6\u00f6stuslik-modernse linnakeskkonnaga. SKARBAIS JANKA on eriti sobiv hoonetele, kus disain vajab arhitektuuriliste detailide r\u00f5hutamist ja j\u00e4tkusuutlikku, esteetiliselt meeldivat fassaadi. See looduslikust savist valmistatud t\u00e4istellis sobib ka ahjude ja korstnate viimistlemiseks, samuti saunade ja katuseelementide jaoks.<\/p>\n","protected":false},"excerpt":{"rendered":"<p>T\u00e4istellis<\/p>\n","protected":false},"featured_media":272857,"template":"","meta":{"_acf_changed":false},"product_brand":[90],"product_cat":[467,468],"product_tag":[],"class_list":{"0":"post-269688","1":"product","2":"type-product","3":"status-publish","4":"has-post-thumbnail","6":"product_brand-lode","7":"product_cat-suitsutorude-ahjude-jaoks","8":"product_cat-taielikud-tellised","10":"first","11":"instock","12":"purchasable","13":"product-type-simple"},"acf":[],"_links":{"self":[{"href":"https:\/\/lode.lv\/et\/wp-json\/wp\/v2\/product\/269688","targetHints":{"allow":["GET"]}}],"collection":[{"href":"https:\/\/lode.lv\/et\/wp-json\/wp\/v2\/product"}],"about":[{"href":"https:\/\/lode.lv\/et\/wp-json\/wp\/v2\/types\/product"}],"wp:featuredmedia":[{"embeddable":true,"href":"https:\/\/lode.lv\/et\/wp-json\/wp\/v2\/media\/272857"}],"wp:attachment":[{"href":"https:\/\/lode.lv\/et\/wp-json\/wp\/v2\/media?parent=269688"}],"wp:term":[{"taxonomy":"product_brand","embeddable":true,"href":"https:\/\/lode.lv\/et\/wp-json\/wp\/v2\/product_brand?post=269688"},{"taxonomy":"product_cat","embeddable":true,"href":"https:\/\/lode.lv\/et\/wp-json\/wp\/v2\/product_cat?post=269688"},{"taxonomy":"product_tag","embeddable":true,"href":"https:\/\/lode.lv\/et\/wp-json\/wp\/v2\/product_tag?post=269688"}],"curies":[{"name":"wp","href":"https:\/\/api.w.org\/{rel}","templated":true}]}}