{"id":269675,"date":"2025-03-16T22:04:06","date_gmt":"2025-03-16T22:04:06","guid":{"rendered":"http:\/\/lode2025.local\/product\/vecais-janka\/"},"modified":"2025-08-14T12:33:31","modified_gmt":"2025-08-14T12:33:31","slug":"vecais-janka","status":"publish","type":"product","link":"https:\/\/lode.lv\/et\/shop\/fassaadi-jaoks\/taielikud-tellised\/vecais-janka\/","title":{"rendered":"VECAIS JANKA"},"content":{"rendered":"<p>Retroviimistlusega iseloomuliku savipunase tooniga tellis. Selle pinnale on iseloomulikud ebakorrap\u00e4rasused ja kerged tekstuursed n\u00fcansid, mis annavad fassaadile n\u00fcansirikka iseloomu ning autentsuse. VECAIS JANKA annab hoonetele erip\u00e4rase visuaalse v\u00e4limuse, s\u00e4ilitades samal ajal loodusliku savi traditsioonilised v\u00e4\u00e4rtused ja vastupidavuse. See looduslikust savist valmistatud t\u00e4istellis sobib ka ahjude ja korstnate viimistlemiseks ning saunade ja katuseelementide jaoks.<\/p>\n","protected":false},"excerpt":{"rendered":"<p>T\u00e4istellis<\/p>\n","protected":false},"featured_media":271325,"template":"","meta":{"_acf_changed":false},"product_brand":[90],"product_cat":[467,468],"product_tag":[],"class_list":{"0":"post-269675","1":"product","2":"type-product","3":"status-publish","4":"has-post-thumbnail","6":"product_brand-lode","7":"product_cat-suitsutorude-ahjude-jaoks","8":"product_cat-taielikud-tellised","10":"first","11":"instock","12":"purchasable","13":"product-type-simple"},"acf":[],"_links":{"self":[{"href":"https:\/\/lode.lv\/et\/wp-json\/wp\/v2\/product\/269675","targetHints":{"allow":["GET"]}}],"collection":[{"href":"https:\/\/lode.lv\/et\/wp-json\/wp\/v2\/product"}],"about":[{"href":"https:\/\/lode.lv\/et\/wp-json\/wp\/v2\/types\/product"}],"wp:featuredmedia":[{"embeddable":true,"href":"https:\/\/lode.lv\/et\/wp-json\/wp\/v2\/media\/271325"}],"wp:attachment":[{"href":"https:\/\/lode.lv\/et\/wp-json\/wp\/v2\/media?parent=269675"}],"wp:term":[{"taxonomy":"product_brand","embeddable":true,"href":"https:\/\/lode.lv\/et\/wp-json\/wp\/v2\/product_brand?post=269675"},{"taxonomy":"product_cat","embeddable":true,"href":"https:\/\/lode.lv\/et\/wp-json\/wp\/v2\/product_cat?post=269675"},{"taxonomy":"product_tag","embeddable":true,"href":"https:\/\/lode.lv\/et\/wp-json\/wp\/v2\/product_tag?post=269675"}],"curies":[{"name":"wp","href":"https:\/\/api.w.org\/{rel}","templated":true}]}}